{"id":29595,"date":"2025-03-30T10:26:54","date_gmt":"2025-03-30T07:26:54","guid":{"rendered":"https:\/\/lokitar.ee\/special-edition\/"},"modified":"2025-08-15T12:12:58","modified_gmt":"2025-08-15T09:12:58","slug":"special-edition","status":"publish","type":"page","link":"https:\/\/test.lokitar.ee\/en\/special-edition\/","title":{"rendered":"Special edition"},"content":{"rendered":"<div class=\"row\"  id=\"row-591431637\">\n\n\t<div id=\"col-747247919\" class=\"col medium-5 small-12 large-5 small-col-first\"  >\n\t\t\t\t<div class=\"col-inner\"  >\n\t\t\t\n\t\t\t\n\t<div class=\"img has-hover hide-for-small x md-x lg-x y md-y lg-y\" id=\"image_296681872\">\n\t\t\t\t\t\t\t\t<div class=\"img-inner dark\" >\n\t\t\t<img loading=\"lazy\" decoding=\"async\" width=\"533\" height=\"800\" src=\"https:\/\/test.lokitar.ee\/wp-content\/uploads\/2025\/03\/eritellimus-533x800.jpg\" class=\"attachment-large size-large\" alt=\"\" srcset=\"https:\/\/test.lokitar.ee\/wp-content\/uploads\/2025\/03\/eritellimus-533x800.jpg 533w, https:\/\/test.lokitar.ee\/wp-content\/uploads\/2025\/03\/eritellimus-267x400.jpg 267w, https:\/\/test.lokitar.ee\/wp-content\/uploads\/2025\/03\/eritellimus-768x1152.jpg 768w, https:\/\/test.lokitar.ee\/wp-content\/uploads\/2025\/03\/eritellimus-100x150.jpg 100w, https:\/\/test.lokitar.ee\/wp-content\/uploads\/2025\/03\/eritellimus-1024x1536.jpg 1024w, https:\/\/test.lokitar.ee\/wp-content\/uploads\/2025\/03\/eritellimus-500x750.jpg 500w, https:\/\/test.lokitar.ee\/wp-content\/uploads\/2025\/03\/eritellimus.jpg 1280w\" sizes=\"auto, (max-width: 533px) 100vw, 533px\" \/>\t\t\t\t\t\t\n\t\t\t\t\t<\/div>\n\t\t\t\t\t\t\t\t\n<style>\n#image_296681872 {\n  width: 100%;\n}\n<\/style>\n\t<\/div>\n\t\n\t<div class=\"img has-hover show-for-small x md-x lg-x y md-y lg-y\" id=\"image_208675374\">\n\t\t\t\t\t\t\t\t<div class=\"img-inner dark\" >\n\t\t\t<img loading=\"lazy\" decoding=\"async\" width=\"600\" height=\"400\" src=\"https:\/\/test.lokitar.ee\/wp-content\/uploads\/2025\/05\/eritellimus-1-600x400.jpg\" class=\"attachment-medium size-medium\" alt=\"\" srcset=\"https:\/\/test.lokitar.ee\/wp-content\/uploads\/2025\/05\/eritellimus-1-600x400.jpg 600w, https:\/\/test.lokitar.ee\/wp-content\/uploads\/2025\/05\/eritellimus-1-1200x800.jpg 1200w, https:\/\/test.lokitar.ee\/wp-content\/uploads\/2025\/05\/eritellimus-1-768x512.jpg 768w, https:\/\/test.lokitar.ee\/wp-content\/uploads\/2025\/05\/eritellimus-1-100x67.jpg 100w, https:\/\/test.lokitar.ee\/wp-content\/uploads\/2025\/05\/eritellimus-1-1536x1024.jpg 1536w, https:\/\/test.lokitar.ee\/wp-content\/uploads\/2025\/05\/eritellimus-1-500x333.jpg 500w, https:\/\/test.lokitar.ee\/wp-content\/uploads\/2025\/05\/eritellimus-1.jpg 1920w\" sizes=\"auto, (max-width: 600px) 100vw, 600px\" \/>\t\t\t\t\t\t\n\t\t\t\t\t<\/div>\n\t\t\t\t\t\t\t\t\n<style>\n#image_208675374 {\n  width: 100%;\n}\n<\/style>\n\t<\/div>\n\t\n\t\t<\/div>\n\t\t\t\t\t<\/div>\n\n\t\n\n\t<div id=\"col-1301464476\" class=\"col medium-7 small-12 large-7 small-col-first\"  >\n\t\t\t\t<div class=\"col-inner\"  >\n\t\t\t\n\t\t\t\n<h2><strong>Couldn&#8217;t find a silk product in the right size, colour?<br \/>\n<\/strong><strong>  Or would you like to have your company logo on a corporate gift?<\/strong><\/h2>\n<p><strong>Write to us with your request and we&#8217;ll find a solution!<\/strong><\/p>\n<ul>\n<li>Once we have agreed on the details, 50% of the cost of the order must be paid.<\/li>\n<li>After payment of the advance invoice, we will process the order.<\/li>\n<li>The remaining 50% must be paid within 5 banking days of receipt of the order.<\/li>\n<li>Delivery is generally 4-8 weeks.<\/li>\n<\/ul>\n<p>To place an order, fill in the form below and we will contact you shortly.<\/p>\n<p><!-- notionvc: e4b3d358-2273-4289-a3ac-9035d62f52f3 --><\/p>\n\t\t<div class=\"special-form\">\n\t\t\t\t\n<div class=\"wpforms-container wpforms-container-full wpforms-render-modern\" id=\"wpforms-27815\"><form id=\"wpforms-form-27815\" class=\"wpforms-validate wpforms-form wpforms-ajax-form\" data-formid=\"27815\" method=\"post\" enctype=\"multipart\/form-data\" action=\"\/en\/wp-json\/wp\/v2\/pages\/29595?wpforms_form_id=27815\" data-token=\"43e6685bbac12f3bc295e42242f08e88\" data-token-time=\"1775923521\"><noscript class=\"wpforms-error-noscript\">Please enable JavaScript in your browser to complete this form.<\/noscript><div class=\"wpforms-hidden\" id=\"wpforms-error-noscript\">Please enable JavaScript in your browser to complete this form.<\/div><div class=\"wpforms-field-container\"><div id=\"wpforms-27815-field_4-container\" class=\"wpforms-field wpforms-field-layout\" data-field-id=\"4\"><div class=\"wpforms-field-layout-rows wpforms-field-large\"><div class=\"wpforms-layout-row\"><div class=\"wpforms-layout-column wpforms-layout-column-33\"><div id=\"wpforms-27815-field_1-container\" class=\"wpforms-field wpforms-field-name\" data-field-id=\"1\"><label class=\"wpforms-field-label\" for=\"wpforms-27815-field_1\">Nimi <span class=\"wpforms-required-label\" aria-hidden=\"true\">*<\/span><\/label><input type=\"text\" id=\"wpforms-27815-field_1\" class=\"wpforms-field-small wpforms-field-required\" name=\"wpforms[fields][1]\" aria-errormessage=\"wpforms-27815-field_1-error\" required><\/div><\/div><div class=\"wpforms-layout-column wpforms-layout-column-33\"><div id=\"wpforms-27815-field_2-container\" class=\"wpforms-field wpforms-field-email\" data-field-id=\"2\"><label class=\"wpforms-field-label\" for=\"wpforms-27815-field_2\">E-post <span class=\"wpforms-required-label\" aria-hidden=\"true\">*<\/span><\/label><input type=\"email\" id=\"wpforms-27815-field_2\" class=\"wpforms-field-small wpforms-field-required\" name=\"wpforms[fields][2]\" spellcheck=\"false\" aria-errormessage=\"wpforms-27815-field_2-error\" required><\/div><\/div><div class=\"wpforms-layout-column wpforms-layout-column-33\"><div id=\"wpforms-27815-field_5-container\" class=\"wpforms-field wpforms-field-phone\" data-field-id=\"5\"><label class=\"wpforms-field-label\" for=\"wpforms-27815-field_5\">Telefon<\/label><input type=\"tel\" id=\"wpforms-27815-field_5\" class=\"wpforms-field-medium wpforms-smart-phone-field\" data-rule-smart-phone-field=\"true\" name=\"wpforms[fields][5]\" aria-label=\"Telefon\" aria-errormessage=\"wpforms-27815-field_5-error\" ><\/div><\/div><\/div><\/div><\/div><div id=\"wpforms-27815-field_6-container\" class=\"wpforms-field wpforms-field-radio wpforms-list-3-columns\" data-field-id=\"6\"><fieldset><legend class=\"wpforms-field-label\">Millist toodet soovid eritellimusena? <span class=\"wpforms-required-label\" aria-hidden=\"true\">*<\/span><\/legend><ul id=\"wpforms-27815-field_6\" class=\"wpforms-field-required\"><li class=\"choice-1 depth-1\"><input type=\"radio\" id=\"wpforms-27815-field_6_1\" name=\"wpforms[fields][6]\" value=\"Siidist padjap\u00fc\u00fcr\" aria-errormessage=\"wpforms-27815-field_6_1-error\" required ><label class=\"wpforms-field-label-inline\" for=\"wpforms-27815-field_6_1\">Siidist padjap\u00fc\u00fcr<\/label><\/li><li class=\"choice-2 depth-1\"><input type=\"radio\" id=\"wpforms-27815-field_6_2\" name=\"wpforms[fields][6]\" value=\"Siidist voodilina\" aria-errormessage=\"wpforms-27815-field_6_2-error\" required ><label class=\"wpforms-field-label-inline\" for=\"wpforms-27815-field_6_2\">Siidist voodilina<\/label><\/li><li class=\"choice-3 depth-1\"><input type=\"radio\" id=\"wpforms-27815-field_6_3\" name=\"wpforms[fields][6]\" value=\"Siidist tekikott\" aria-errormessage=\"wpforms-27815-field_6_3-error\" required ><label class=\"wpforms-field-label-inline\" for=\"wpforms-27815-field_6_3\">Siidist tekikott<\/label><\/li><li class=\"choice-4 depth-1\"><input type=\"radio\" id=\"wpforms-27815-field_6_4\" name=\"wpforms[fields][6]\" value=\"Siidist unemask\" aria-errormessage=\"wpforms-27815-field_6_4-error\" required ><label class=\"wpforms-field-label-inline\" for=\"wpforms-27815-field_6_4\">Siidist unemask<\/label><\/li><li class=\"choice-5 depth-1\"><input type=\"radio\" id=\"wpforms-27815-field_6_5\" name=\"wpforms[fields][6]\" value=\"Siidist \u00f6\u00f6m\u00fcts\" aria-errormessage=\"wpforms-27815-field_6_5-error\" required ><label class=\"wpforms-field-label-inline\" for=\"wpforms-27815-field_6_5\">Siidist \u00f6\u00f6m\u00fcts<\/label><\/li><li class=\"choice-6 depth-1\"><input type=\"radio\" id=\"wpforms-27815-field_6_6\" name=\"wpforms[fields][6]\" value=\"Muu toode\" aria-errormessage=\"wpforms-27815-field_6_6-error\" required ><label class=\"wpforms-field-label-inline\" for=\"wpforms-27815-field_6_6\">Muu toode<\/label><\/li><\/ul><\/fieldset><\/div><div id=\"wpforms-27815-field_7-container\" class=\"wpforms-field wpforms-field-layout\" data-field-id=\"7\"><div class=\"wpforms-field-layout-rows wpforms-field-large\"><div class=\"wpforms-layout-row\"><div class=\"wpforms-layout-column wpforms-layout-column-33\"><div id=\"wpforms-27815-field_8-container\" class=\"wpforms-field wpforms-field-text\" data-field-id=\"8\"><label class=\"wpforms-field-label\" for=\"wpforms-27815-field_8\">Kogus <span class=\"wpforms-required-label\" aria-hidden=\"true\">*<\/span><\/label><input type=\"text\" id=\"wpforms-27815-field_8\" class=\"wpforms-field-medium wpforms-field-required\" name=\"wpforms[fields][8]\" aria-errormessage=\"wpforms-27815-field_8-error\" required><\/div><\/div><div class=\"wpforms-layout-column wpforms-layout-column-33\"><div id=\"wpforms-27815-field_9-container\" class=\"wpforms-field wpforms-field-text\" data-field-id=\"9\"><label class=\"wpforms-field-label\" for=\"wpforms-27815-field_9\">Suurus <span class=\"wpforms-required-label\" aria-hidden=\"true\">*<\/span><\/label><input type=\"text\" id=\"wpforms-27815-field_9\" class=\"wpforms-field-medium wpforms-field-required\" name=\"wpforms[fields][9]\" aria-errormessage=\"wpforms-27815-field_9-error\" required><\/div><\/div><div class=\"wpforms-layout-column wpforms-layout-column-33\"><div id=\"wpforms-27815-field_10-container\" class=\"wpforms-field wpforms-field-text\" data-field-id=\"10\"><label class=\"wpforms-field-label\" for=\"wpforms-27815-field_10\">V\u00e4rv <span class=\"wpforms-required-label\" aria-hidden=\"true\">*<\/span><\/label><input type=\"text\" id=\"wpforms-27815-field_10\" class=\"wpforms-field-medium wpforms-field-required\" name=\"wpforms[fields][10]\" aria-errormessage=\"wpforms-27815-field_10-error\" required><\/div><\/div><\/div><\/div><\/div><div id=\"wpforms-27815-field_3-container\" class=\"wpforms-field wpforms-field-textarea\" data-field-id=\"3\"><label class=\"wpforms-field-label\" for=\"wpforms-27815-field_3\">T\u00e4psustamine<\/label><textarea id=\"wpforms-27815-field_3\" class=\"wpforms-field-medium\" name=\"wpforms[fields][3]\" placeholder=\"Lisa k\u00f5ik, mis v\u00f5iks aidata meid sinu ideaalse toote valmistamisel.\" aria-errormessage=\"wpforms-27815-field_3-error\" ><\/textarea><\/div><div id=\"wpforms-27815-field_11-container\" class=\"wpforms-field wpforms-field-file-upload\" data-field-id=\"11\"><label class=\"wpforms-field-label\" for=\"wpforms-27815-field_11\">Lisa n\u00e4idis v\u00f5i logo<\/label><div\n\t\tclass=\"wpforms-uploader\"\n\t\tdata-field-id=\"11\"\n\t\tdata-form-id=\"27815\"\n\t\tdata-input-name=\"wpforms_27815_11\"\n\t\tdata-extensions=\"png,gif,jpg,pdf,tif\"\n\t\tdata-max-size=\"5242880\"\n\t\tdata-max-file-number=\"5\"\n\t\tdata-post-max-size=\"2146435072\"\n\t\tdata-max-parallel-uploads=\"4\"\n\t\tdata-parallel-uploads=\"true\"\n\t\tdata-file-chunk-size=\"2097152\">\n\t<div class=\"dz-message\">\n\t\t<svg viewBox=\"0 0 1024 1024\" focusable=\"false\" data-icon=\"inbox\" width=\"50px\" height=\"50px\" fill=\"currentColor\" aria-hidden=\"true\">\n\t\t\t<path d=\"M885.2 446.3l-.2-.8-112.2-285.1c-5-16.1-19.9-27.2-36.8-27.2H281.2c-17 0-32.1 11.3-36.9 27.6L139.4 443l-.3.7-.2.8c-1.3 4.9-1.7 9.9-1 14.8-.1 1.6-.2 3.2-.2 4.8V830a60.9 60.9 0 0 0 60.8 60.8h627.2c33.5 0 60.8-27.3 60.9-60.8V464.1c0-1.3 0-2.6-.1-3.7.4-4.9 0-9.6-1.3-14.1zm-295.8-43l-.3 15.7c-.8 44.9-31.8 75.1-77.1 75.1-22.1 0-41.1-7.1-54.8-20.6S436 441.2 435.6 419l-.3-15.7H229.5L309 210h399.2l81.7 193.3H589.4zm-375 76.8h157.3c24.3 57.1 76 90.8 140.4 90.8 33.7 0 65-9.4 90.3-27.2 22.2-15.6 39.5-37.4 50.7-63.6h156.5V814H214.4V480.1z\"><\/path>\n\t\t<\/svg>\n\t\t<span class=\"modern-title\">Click or drag files to this area to upload.<\/span>\n\n\t\t\t\t\t<span class=\"modern-hint\">You can upload up to 5 files.<\/span>\n\t\t\t<\/div>\n<\/div>\n<input\n\t\ttype=\"text\"\n\t\tautocomplete=\"off\"\n\t\treadonly\n\t\tclass=\"dropzone-input\"\n\t\tstyle=\"position:absolute!important;clip:rect(0,0,0,0)!important;height:1px!important;width:1px!important;border:0!important;overflow:hidden!important;padding:0!important;margin:0!important;\"\n\t\tid=\"wpforms-27815-field_11\"\n\t\tname=\"wpforms_27815_11\" \t\tvalue=\"\">\n<div id=\"wpforms-27815-field_11-description\" class=\"wpforms-field-description\">* Faili maksimaalne suurus 25MB<br\/>\r\n* Lubatud maksimaalselt 5 faili<br\/>\r\n* Lubatud failit\u00fc\u00fcbid - .png, .gif, .jpg, .svg, .pdf, .ai, .tif\r\n<\/div><\/div><\/div><!-- .wpforms-field-container --><div class=\"wpforms-submit-container\" ><input type=\"hidden\" name=\"wpforms[id]\" value=\"27815\"><input type=\"hidden\" name=\"page_title\" value=\"\"><input type=\"hidden\" name=\"page_url\" value=\"https:\/\/test.lokitar.ee\/en\/wp-json\/wp\/v2\/pages\/29595\"><button type=\"submit\" name=\"wpforms[submit]\" id=\"wpforms-submit-27815\" class=\"wpforms-submit special-submit\" data-alt-text=\"Saadan...\" data-submit-text=\"Saada p\u00e4ring\" aria-live=\"assertive\" value=\"wpforms-submit\">Saada p\u00e4ring<\/button><img loading=\"lazy\" decoding=\"async\" src=\"https:\/\/test.lokitar.ee\/wp-content\/plugins\/formbuilder-pro\/assets\/images\/submit-spin.svg\" class=\"wpforms-submit-spinner\" style=\"display: none;\" width=\"26\" height=\"26\" alt=\"Loading\"><\/div><\/form><\/div>  <!-- .wpforms-container -->\n\t\t<\/div>\n\t\n\t\t<\/div>\n\t\t\t\t\t<\/div>\n\n\t\n<\/div>\n","protected":false},"excerpt":{"rendered":"","protected":false},"author":392,"featured_media":28637,"parent":0,"menu_order":0,"comment_status":"closed","ping_status":"closed","template":"","meta":{"cybocfi_hide_featured_image":"","footnotes":""},"class_list":["post-29595","page","type-page","status-publish","has-post-thumbnail","hentry"],"yoast_head":"<!-- This site is optimized with the Yoast SEO plugin v26.4 - https:\/\/yoast.com\/wordpress\/plugins\/seo\/ -->\n<title>Special edition - Lokitar<\/title>\n<meta name=\"description\" content=\"Looking for something specific? Order a silk pillowcase, duvet cover or bed linen tailored to your needs \u2013 even with your company logo!\" \/>\n<meta name=\"robots\" content=\"index, follow, max-snippet:-1, max-image-preview:large, max-video-preview:-1\" \/>\n<link rel=\"canonical\" href=\"https:\/\/test.lokitar.ee\/en\/special-edition\/\" \/>\n<meta property=\"og:locale\" content=\"en_US\" \/>\n<meta property=\"og:type\" content=\"article\" \/>\n<meta property=\"og:title\" content=\"Special edition - Lokitar\" \/>\n<meta property=\"og:description\" content=\"Looking for something specific? Order a silk pillowcase, duvet cover or bed linen tailored to your needs \u2013 even with your company logo!\" \/>\n<meta property=\"og:url\" content=\"https:\/\/test.lokitar.ee\/en\/special-edition\/\" \/>\n<meta property=\"og:site_name\" content=\"Lokitar\" \/>\n<meta property=\"article:publisher\" content=\"https:\/\/www.facebook.com\/lokitar.ee\/\" \/>\n<meta property=\"article:modified_time\" content=\"2025-08-15T09:12:58+00:00\" \/>\n<meta property=\"og:image\" content=\"https:\/\/i0.wp.com\/lokitar.ee\/wp-content\/uploads\/2025\/05\/AVALEHE-BANNER-1920-x-800-px-1400-x-800-px-1080-x-1350-px-1.png?fit=1080%2C1350&ssl=1\" \/>\n\t<meta property=\"og:image:width\" content=\"1080\" \/>\n\t<meta property=\"og:image:height\" content=\"1350\" \/>\n\t<meta property=\"og:image:type\" content=\"image\/png\" \/>\n<meta name=\"twitter:label1\" content=\"Est. reading time\" \/>\n\t<meta name=\"twitter:data1\" content=\"1 minute\" \/>\n<script type=\"application\/ld+json\" class=\"yoast-schema-graph\">{\"@context\":\"https:\/\/schema.org\",\"@graph\":[{\"@type\":\"WebPage\",\"@id\":\"https:\/\/test.lokitar.ee\/en\/special-edition\/\",\"url\":\"https:\/\/test.lokitar.ee\/en\/special-edition\/\",\"name\":\"Special edition - Lokitar\",\"isPartOf\":{\"@id\":\"https:\/\/test.lokitar.ee\/en\/#website\"},\"primaryImageOfPage\":{\"@id\":\"https:\/\/test.lokitar.ee\/en\/special-edition\/#primaryimage\"},\"image\":{\"@id\":\"https:\/\/test.lokitar.ee\/en\/special-edition\/#primaryimage\"},\"thumbnailUrl\":\"https:\/\/test.lokitar.ee\/wp-content\/uploads\/2025\/05\/AVALEHE-BANNER-1920-x-800-px-1400-x-800-px-1080-x-1350-px-1.png\",\"datePublished\":\"2025-03-30T07:26:54+00:00\",\"dateModified\":\"2025-08-15T09:12:58+00:00\",\"description\":\"Looking for something specific? Order a silk pillowcase, duvet cover or bed linen tailored to your needs \u2013 even with your company logo!\",\"breadcrumb\":{\"@id\":\"https:\/\/test.lokitar.ee\/en\/special-edition\/#breadcrumb\"},\"inLanguage\":\"en-US\",\"potentialAction\":[{\"@type\":\"ReadAction\",\"target\":[\"https:\/\/test.lokitar.ee\/en\/special-edition\/\"]}]},{\"@type\":\"ImageObject\",\"inLanguage\":\"en-US\",\"@id\":\"https:\/\/test.lokitar.ee\/en\/special-edition\/#primaryimage\",\"url\":\"https:\/\/test.lokitar.ee\/wp-content\/uploads\/2025\/05\/AVALEHE-BANNER-1920-x-800-px-1400-x-800-px-1080-x-1350-px-1.png\",\"contentUrl\":\"https:\/\/test.lokitar.ee\/wp-content\/uploads\/2025\/05\/AVALEHE-BANNER-1920-x-800-px-1400-x-800-px-1080-x-1350-px-1.png\",\"width\":1080,\"height\":1350},{\"@type\":\"BreadcrumbList\",\"@id\":\"https:\/\/test.lokitar.ee\/en\/special-edition\/#breadcrumb\",\"itemListElement\":[{\"@type\":\"ListItem\",\"position\":1,\"name\":\"Home\",\"item\":\"https:\/\/test.lokitar.ee\/en\/\"},{\"@type\":\"ListItem\",\"position\":2,\"name\":\"Special edition\"}]},{\"@type\":\"WebSite\",\"@id\":\"https:\/\/test.lokitar.ee\/en\/#website\",\"url\":\"https:\/\/test.lokitar.ee\/en\/\",\"name\":\"Lokitar\",\"description\":\"Armasta enda juukseid\",\"publisher\":{\"@id\":\"https:\/\/test.lokitar.ee\/en\/#organization\"},\"potentialAction\":[{\"@type\":\"SearchAction\",\"target\":{\"@type\":\"EntryPoint\",\"urlTemplate\":\"https:\/\/test.lokitar.ee\/en\/?s={search_term_string}\"},\"query-input\":{\"@type\":\"PropertyValueSpecification\",\"valueRequired\":true,\"valueName\":\"search_term_string\"}}],\"inLanguage\":\"en-US\"},{\"@type\":\"Organization\",\"@id\":\"https:\/\/test.lokitar.ee\/en\/#organization\",\"name\":\"Lokitar\",\"url\":\"https:\/\/test.lokitar.ee\/en\/\",\"logo\":{\"@type\":\"ImageObject\",\"inLanguage\":\"en-US\",\"@id\":\"https:\/\/test.lokitar.ee\/en\/#\/schema\/logo\/image\/\",\"url\":\"https:\/\/i0.wp.com\/lokitar.ee\/wp-content\/uploads\/2021\/09\/LokitarLogo350.png?fit=350%2C159&ssl=1\",\"contentUrl\":\"https:\/\/i0.wp.com\/lokitar.ee\/wp-content\/uploads\/2021\/09\/LokitarLogo350.png?fit=350%2C159&ssl=1\",\"width\":350,\"height\":159,\"caption\":\"Lokitar\"},\"image\":{\"@id\":\"https:\/\/test.lokitar.ee\/en\/#\/schema\/logo\/image\/\"},\"sameAs\":[\"https:\/\/www.facebook.com\/lokitar.ee\/\",\"https:\/\/www.instagram.com\/lokitar.ee\/\",\"https:\/\/www.youtube.com\/channel\/UCNPGxykKCPoqFQkzd33k5MQ\"]}]}<\/script>\n<!-- \/ Yoast SEO plugin. -->","yoast_head_json":{"title":"Special edition - Lokitar","description":"Looking for something specific? Order a silk pillowcase, duvet cover or bed linen tailored to your needs \u2013 even with your company logo!","robots":{"index":"index","follow":"follow","max-snippet":"max-snippet:-1","max-image-preview":"max-image-preview:large","max-video-preview":"max-video-preview:-1"},"canonical":"https:\/\/test.lokitar.ee\/en\/special-edition\/","og_locale":"en_US","og_type":"article","og_title":"Special edition - Lokitar","og_description":"Looking for something specific? Order a silk pillowcase, duvet cover or bed linen tailored to your needs \u2013 even with your company logo!","og_url":"https:\/\/test.lokitar.ee\/en\/special-edition\/","og_site_name":"Lokitar","article_publisher":"https:\/\/www.facebook.com\/lokitar.ee\/","article_modified_time":"2025-08-15T09:12:58+00:00","og_image":[{"width":1080,"height":1350,"url":"https:\/\/i0.wp.com\/lokitar.ee\/wp-content\/uploads\/2025\/05\/AVALEHE-BANNER-1920-x-800-px-1400-x-800-px-1080-x-1350-px-1.png?fit=1080%2C1350&ssl=1","type":"image\/png"}],"twitter_misc":{"Est. reading time":"1 minute"},"schema":{"@context":"https:\/\/schema.org","@graph":[{"@type":"WebPage","@id":"https:\/\/test.lokitar.ee\/en\/special-edition\/","url":"https:\/\/test.lokitar.ee\/en\/special-edition\/","name":"Special edition - Lokitar","isPartOf":{"@id":"https:\/\/test.lokitar.ee\/en\/#website"},"primaryImageOfPage":{"@id":"https:\/\/test.lokitar.ee\/en\/special-edition\/#primaryimage"},"image":{"@id":"https:\/\/test.lokitar.ee\/en\/special-edition\/#primaryimage"},"thumbnailUrl":"https:\/\/test.lokitar.ee\/wp-content\/uploads\/2025\/05\/AVALEHE-BANNER-1920-x-800-px-1400-x-800-px-1080-x-1350-px-1.png","datePublished":"2025-03-30T07:26:54+00:00","dateModified":"2025-08-15T09:12:58+00:00","description":"Looking for something specific? Order a silk pillowcase, duvet cover or bed linen tailored to your needs \u2013 even with your company logo!","breadcrumb":{"@id":"https:\/\/test.lokitar.ee\/en\/special-edition\/#breadcrumb"},"inLanguage":"en-US","potentialAction":[{"@type":"ReadAction","target":["https:\/\/test.lokitar.ee\/en\/special-edition\/"]}]},{"@type":"ImageObject","inLanguage":"en-US","@id":"https:\/\/test.lokitar.ee\/en\/special-edition\/#primaryimage","url":"https:\/\/test.lokitar.ee\/wp-content\/uploads\/2025\/05\/AVALEHE-BANNER-1920-x-800-px-1400-x-800-px-1080-x-1350-px-1.png","contentUrl":"https:\/\/test.lokitar.ee\/wp-content\/uploads\/2025\/05\/AVALEHE-BANNER-1920-x-800-px-1400-x-800-px-1080-x-1350-px-1.png","width":1080,"height":1350},{"@type":"BreadcrumbList","@id":"https:\/\/test.lokitar.ee\/en\/special-edition\/#breadcrumb","itemListElement":[{"@type":"ListItem","position":1,"name":"Home","item":"https:\/\/test.lokitar.ee\/en\/"},{"@type":"ListItem","position":2,"name":"Special edition"}]},{"@type":"WebSite","@id":"https:\/\/test.lokitar.ee\/en\/#website","url":"https:\/\/test.lokitar.ee\/en\/","name":"Lokitar","description":"Armasta enda juukseid","publisher":{"@id":"https:\/\/test.lokitar.ee\/en\/#organization"},"potentialAction":[{"@type":"SearchAction","target":{"@type":"EntryPoint","urlTemplate":"https:\/\/test.lokitar.ee\/en\/?s={search_term_string}"},"query-input":{"@type":"PropertyValueSpecification","valueRequired":true,"valueName":"search_term_string"}}],"inLanguage":"en-US"},{"@type":"Organization","@id":"https:\/\/test.lokitar.ee\/en\/#organization","name":"Lokitar","url":"https:\/\/test.lokitar.ee\/en\/","logo":{"@type":"ImageObject","inLanguage":"en-US","@id":"https:\/\/test.lokitar.ee\/en\/#\/schema\/logo\/image\/","url":"https:\/\/i0.wp.com\/lokitar.ee\/wp-content\/uploads\/2021\/09\/LokitarLogo350.png?fit=350%2C159&ssl=1","contentUrl":"https:\/\/i0.wp.com\/lokitar.ee\/wp-content\/uploads\/2021\/09\/LokitarLogo350.png?fit=350%2C159&ssl=1","width":350,"height":159,"caption":"Lokitar"},"image":{"@id":"https:\/\/test.lokitar.ee\/en\/#\/schema\/logo\/image\/"},"sameAs":["https:\/\/www.facebook.com\/lokitar.ee\/","https:\/\/www.instagram.com\/lokitar.ee\/","https:\/\/www.youtube.com\/channel\/UCNPGxykKCPoqFQkzd33k5MQ"]}]}},"_links":{"self":[{"href":"https:\/\/test.lokitar.ee\/en\/wp-json\/wp\/v2\/pages\/29595","targetHints":{"allow":["GET"]}}],"collection":[{"href":"https:\/\/test.lokitar.ee\/en\/wp-json\/wp\/v2\/pages"}],"about":[{"href":"https:\/\/test.lokitar.ee\/en\/wp-json\/wp\/v2\/types\/page"}],"author":[{"embeddable":true,"href":"https:\/\/test.lokitar.ee\/en\/wp-json\/wp\/v2\/users\/392"}],"replies":[{"embeddable":true,"href":"https:\/\/test.lokitar.ee\/en\/wp-json\/wp\/v2\/comments?post=29595"}],"version-history":[{"count":3,"href":"https:\/\/test.lokitar.ee\/en\/wp-json\/wp\/v2\/pages\/29595\/revisions"}],"predecessor-version":[{"id":29598,"href":"https:\/\/test.lokitar.ee\/en\/wp-json\/wp\/v2\/pages\/29595\/revisions\/29598"}],"wp:featuredmedia":[{"embeddable":true,"href":"https:\/\/test.lokitar.ee\/en\/wp-json\/wp\/v2\/media\/28637"}],"wp:attachment":[{"href":"https:\/\/test.lokitar.ee\/en\/wp-json\/wp\/v2\/media?parent=29595"}],"curies":[{"name":"wp","href":"https:\/\/api.w.org\/{rel}","templated":true}]}}