{"id":11058,"date":"2022-11-01T15:57:23","date_gmt":"2022-11-01T13:57:23","guid":{"rendered":"https:\/\/lokitar.ee\/toode\/siidist-patsikumm-vaike\/"},"modified":"2025-10-22T11:07:19","modified_gmt":"2025-10-22T08:07:19","slug":"siidist-patsikumm-vaike","status":"publish","type":"product","link":"https:\/\/test.lokitar.ee\/en\/product\/siidist-patsikumm-vaike\/","title":{"rendered":"Siidist patsikumm"},"content":{"rendered":"<p>Siidist patsikumm on luksuslik ja loodusl\u00e4hedane<\/p>\n<p>\u00d5rn Sinu juuste vastu<br \/>\nElegantne v\u00e4limus<\/p>\n<p><span class=\"JsGRdQ\">Naturaalsest siidist patsikumm on juustele \u00f5rn ja v\u00e4hendab nende katkemist, mis on p\u00f5hjustatud h\u00f5\u00f5rdumisest. Lisaks on tegemist v\u00e4ga kauni aksessuaariga nii juustel kui ka k\u00e4e \u00fcmber.<\/span><\/p>\n<p>Siidist patsikumm sobib ideaalselt kingituseks armsale inimesele. Olgu selleks kas sina ise v\u00f5i sinu l\u00e4hedane \ud83d\ude42<\/p>\n","protected":false},"excerpt":{"rendered":"<p>Siidist patsikumm on luksuslik ja loodusl\u00e4hedane \u00d5rn Sinu juuste vastu Elegantne v\u00e4limus Naturaalsest siidist patsikumm on juustele \u00f5rn ja v\u00e4hendab nende katkemist, mis on p\u00f5hjustatud h\u00f5\u00f5rdumisest. Lisaks on tegemist v\u00e4ga kauni aksessuaariga nii juustel kui ka k\u00e4e \u00fcmber. Siidist patsikumm sobib ideaalselt kingituseks armsale inimesele. Olgu selleks kas sina ise v\u00f5i sinu l\u00e4hedane \ud83d\ude42<\/p>\n","protected":false},"author":2,"featured_media":21860,"comment_status":"open","ping_status":"closed","template":"","meta":{"cybocfi_hide_featured_image":""},"product_brand":[],"product_cat":[413,130],"product_tag":[],"class_list":{"0":"post-11058","1":"product","2":"type-product","3":"status-publish","4":"has-post-thumbnail","6":"product_cat-lokitar-natural-silk","7":"product_cat-accessories","8":"pa_koostis-cruelty-free","9":"pa_koostis-paraben-free","10":"pa_koostis-silicone-free","11":"pa_koostis-sulfate-free","12":"pa_lokituup-afro-en","13":"pa_lokituup-curly","14":"pa_lokituup-straight","15":"pa_lokituup-wavy","17":"first","18":"instock","19":"sale","20":"taxable","21":"shipping-taxable","22":"purchasable","23":"product-type-variable"},"yoast_head":"<!-- This site is optimized with the Yoast SEO plugin v26.4 - https:\/\/yoast.com\/wordpress\/plugins\/seo\/ -->\n<title>Siidist patsikumm - Lokitar<\/title>\n<meta name=\"description\" content=\"Siidist patsikumm on luksuslik ja loodusl\u00e4hedane \u00d5rn Sinu juuste vastu Elegantne v\u00e4limus Naturaalsest siidist patsikumm on juustele \u00f5rn ja v\u00e4hendab nende\" \/>\n<meta name=\"robots\" content=\"index, follow, max-snippet:-1, max-image-preview:large, max-video-preview:-1\" \/>\n<link rel=\"canonical\" href=\"https:\/\/test.lokitar.ee\/en\/product\/siidist-patsikumm-vaike\/\" \/>\n<meta property=\"og:locale\" content=\"en_US\" \/>\n<meta property=\"og:type\" content=\"article\" \/>\n<meta property=\"og:title\" content=\"Siidist patsikumm - Lokitar\" \/>\n<meta property=\"og:description\" content=\"Siidist patsikumm on luksuslik ja loodusl\u00e4hedane \u00d5rn Sinu juuste vastu Elegantne v\u00e4limus Naturaalsest siidist patsikumm on juustele \u00f5rn ja v\u00e4hendab nende\" \/>\n<meta property=\"og:url\" content=\"https:\/\/test.lokitar.ee\/en\/product\/siidist-patsikumm-vaike\/\" \/>\n<meta property=\"og:site_name\" content=\"Lokitar\" \/>\n<meta property=\"article:publisher\" content=\"https:\/\/www.facebook.com\/lokitar.ee\/\" \/>\n<meta property=\"article:modified_time\" content=\"2025-10-22T08:07:19+00:00\" \/>\n<meta property=\"og:image\" content=\"https:\/\/test.lokitar.ee\/wp-content\/uploads\/2022\/11\/119.png\" \/>\n\t<meta property=\"og:image:width\" content=\"1000\" \/>\n\t<meta property=\"og:image:height\" content=\"1000\" \/>\n\t<meta property=\"og:image:type\" content=\"image\/png\" \/>\n<script type=\"application\/ld+json\" class=\"yoast-schema-graph\">{\"@context\":\"https:\/\/schema.org\",\"@graph\":[{\"@type\":\"WebPage\",\"@id\":\"https:\/\/test.lokitar.ee\/en\/product\/siidist-patsikumm-vaike\/\",\"url\":\"https:\/\/test.lokitar.ee\/en\/product\/siidist-patsikumm-vaike\/\",\"name\":\"Siidist patsikumm - Lokitar\",\"isPartOf\":{\"@id\":\"https:\/\/test.lokitar.ee\/en\/#website\"},\"primaryImageOfPage\":{\"@id\":\"https:\/\/test.lokitar.ee\/en\/product\/siidist-patsikumm-vaike\/#primaryimage\"},\"image\":{\"@id\":\"https:\/\/test.lokitar.ee\/en\/product\/siidist-patsikumm-vaike\/#primaryimage\"},\"thumbnailUrl\":\"https:\/\/test.lokitar.ee\/wp-content\/uploads\/2022\/11\/119.png\",\"datePublished\":\"2022-11-01T13:57:23+00:00\",\"dateModified\":\"2025-10-22T08:07:19+00:00\",\"description\":\"Siidist patsikumm on luksuslik ja loodusl\u00e4hedane \u00d5rn Sinu juuste vastu Elegantne v\u00e4limus Naturaalsest siidist patsikumm on juustele \u00f5rn ja v\u00e4hendab nende\",\"breadcrumb\":{\"@id\":\"https:\/\/test.lokitar.ee\/en\/product\/siidist-patsikumm-vaike\/#breadcrumb\"},\"inLanguage\":\"en-US\",\"potentialAction\":[{\"@type\":\"ReadAction\",\"target\":[\"https:\/\/test.lokitar.ee\/en\/product\/siidist-patsikumm-vaike\/\"]}]},{\"@type\":\"ImageObject\",\"inLanguage\":\"en-US\",\"@id\":\"https:\/\/test.lokitar.ee\/en\/product\/siidist-patsikumm-vaike\/#primaryimage\",\"url\":\"https:\/\/test.lokitar.ee\/wp-content\/uploads\/2022\/11\/119.png\",\"contentUrl\":\"https:\/\/test.lokitar.ee\/wp-content\/uploads\/2022\/11\/119.png\",\"width\":1000,\"height\":1000},{\"@type\":\"BreadcrumbList\",\"@id\":\"https:\/\/test.lokitar.ee\/en\/product\/siidist-patsikumm-vaike\/#breadcrumb\",\"itemListElement\":[{\"@type\":\"ListItem\",\"position\":1,\"name\":\"Home\",\"item\":\"https:\/\/test.lokitar.ee\/en\/\"},{\"@type\":\"ListItem\",\"position\":2,\"name\":\"Shop\",\"item\":\"https:\/\/test.lokitar.ee\/en\/shop-2\/\"},{\"@type\":\"ListItem\",\"position\":3,\"name\":\"BRANDS\",\"item\":\"https:\/\/test.lokitar.ee\/en\/product-category\/brands\/\"},{\"@type\":\"ListItem\",\"position\":4,\"name\":\"Lokitar - natural silk\",\"item\":\"https:\/\/test.lokitar.ee\/en\/product-category\/brands\/lokitar-natural-silk\/\"},{\"@type\":\"ListItem\",\"position\":5,\"name\":\"Siidist patsikumm\"}]},{\"@type\":\"WebSite\",\"@id\":\"https:\/\/test.lokitar.ee\/en\/#website\",\"url\":\"https:\/\/test.lokitar.ee\/en\/\",\"name\":\"Lokitar\",\"description\":\"Armasta enda juukseid\",\"publisher\":{\"@id\":\"https:\/\/test.lokitar.ee\/en\/#organization\"},\"potentialAction\":[{\"@type\":\"SearchAction\",\"target\":{\"@type\":\"EntryPoint\",\"urlTemplate\":\"https:\/\/test.lokitar.ee\/en\/?s={search_term_string}\"},\"query-input\":{\"@type\":\"PropertyValueSpecification\",\"valueRequired\":true,\"valueName\":\"search_term_string\"}}],\"inLanguage\":\"en-US\"},{\"@type\":\"Organization\",\"@id\":\"https:\/\/test.lokitar.ee\/en\/#organization\",\"name\":\"Lokitar\",\"url\":\"https:\/\/test.lokitar.ee\/en\/\",\"logo\":{\"@type\":\"ImageObject\",\"inLanguage\":\"en-US\",\"@id\":\"https:\/\/test.lokitar.ee\/en\/#\/schema\/logo\/image\/\",\"url\":\"https:\/\/i0.wp.com\/lokitar.ee\/wp-content\/uploads\/2021\/09\/LokitarLogo350.png?fit=350%2C159&ssl=1\",\"contentUrl\":\"https:\/\/i0.wp.com\/lokitar.ee\/wp-content\/uploads\/2021\/09\/LokitarLogo350.png?fit=350%2C159&ssl=1\",\"width\":350,\"height\":159,\"caption\":\"Lokitar\"},\"image\":{\"@id\":\"https:\/\/test.lokitar.ee\/en\/#\/schema\/logo\/image\/\"},\"sameAs\":[\"https:\/\/www.facebook.com\/lokitar.ee\/\",\"https:\/\/www.instagram.com\/lokitar.ee\/\",\"https:\/\/www.youtube.com\/channel\/UCNPGxykKCPoqFQkzd33k5MQ\"]}]}<\/script>\n<!-- \/ Yoast SEO plugin. -->","yoast_head_json":{"title":"Siidist patsikumm - Lokitar","description":"Siidist patsikumm on luksuslik ja loodusl\u00e4hedane \u00d5rn Sinu juuste vastu Elegantne v\u00e4limus Naturaalsest siidist patsikumm on juustele \u00f5rn ja v\u00e4hendab nende","robots":{"index":"index","follow":"follow","max-snippet":"max-snippet:-1","max-image-preview":"max-image-preview:large","max-video-preview":"max-video-preview:-1"},"canonical":"https:\/\/test.lokitar.ee\/en\/product\/siidist-patsikumm-vaike\/","og_locale":"en_US","og_type":"article","og_title":"Siidist patsikumm - Lokitar","og_description":"Siidist patsikumm on luksuslik ja loodusl\u00e4hedane \u00d5rn Sinu juuste vastu Elegantne v\u00e4limus Naturaalsest siidist patsikumm on juustele \u00f5rn ja v\u00e4hendab nende","og_url":"https:\/\/test.lokitar.ee\/en\/product\/siidist-patsikumm-vaike\/","og_site_name":"Lokitar","article_publisher":"https:\/\/www.facebook.com\/lokitar.ee\/","article_modified_time":"2025-10-22T08:07:19+00:00","og_image":[{"width":1000,"height":1000,"url":"https:\/\/test.lokitar.ee\/wp-content\/uploads\/2022\/11\/119.png","type":"image\/png"}],"schema":{"@context":"https:\/\/schema.org","@graph":[{"@type":"WebPage","@id":"https:\/\/test.lokitar.ee\/en\/product\/siidist-patsikumm-vaike\/","url":"https:\/\/test.lokitar.ee\/en\/product\/siidist-patsikumm-vaike\/","name":"Siidist patsikumm - Lokitar","isPartOf":{"@id":"https:\/\/test.lokitar.ee\/en\/#website"},"primaryImageOfPage":{"@id":"https:\/\/test.lokitar.ee\/en\/product\/siidist-patsikumm-vaike\/#primaryimage"},"image":{"@id":"https:\/\/test.lokitar.ee\/en\/product\/siidist-patsikumm-vaike\/#primaryimage"},"thumbnailUrl":"https:\/\/test.lokitar.ee\/wp-content\/uploads\/2022\/11\/119.png","datePublished":"2022-11-01T13:57:23+00:00","dateModified":"2025-10-22T08:07:19+00:00","description":"Siidist patsikumm on luksuslik ja loodusl\u00e4hedane \u00d5rn Sinu juuste vastu Elegantne v\u00e4limus Naturaalsest siidist patsikumm on juustele \u00f5rn ja v\u00e4hendab nende","breadcrumb":{"@id":"https:\/\/test.lokitar.ee\/en\/product\/siidist-patsikumm-vaike\/#breadcrumb"},"inLanguage":"en-US","potentialAction":[{"@type":"ReadAction","target":["https:\/\/test.lokitar.ee\/en\/product\/siidist-patsikumm-vaike\/"]}]},{"@type":"ImageObject","inLanguage":"en-US","@id":"https:\/\/test.lokitar.ee\/en\/product\/siidist-patsikumm-vaike\/#primaryimage","url":"https:\/\/test.lokitar.ee\/wp-content\/uploads\/2022\/11\/119.png","contentUrl":"https:\/\/test.lokitar.ee\/wp-content\/uploads\/2022\/11\/119.png","width":1000,"height":1000},{"@type":"BreadcrumbList","@id":"https:\/\/test.lokitar.ee\/en\/product\/siidist-patsikumm-vaike\/#breadcrumb","itemListElement":[{"@type":"ListItem","position":1,"name":"Home","item":"https:\/\/test.lokitar.ee\/en\/"},{"@type":"ListItem","position":2,"name":"Shop","item":"https:\/\/test.lokitar.ee\/en\/shop-2\/"},{"@type":"ListItem","position":3,"name":"BRANDS","item":"https:\/\/test.lokitar.ee\/en\/product-category\/brands\/"},{"@type":"ListItem","position":4,"name":"Lokitar - natural silk","item":"https:\/\/test.lokitar.ee\/en\/product-category\/brands\/lokitar-natural-silk\/"},{"@type":"ListItem","position":5,"name":"Siidist patsikumm"}]},{"@type":"WebSite","@id":"https:\/\/test.lokitar.ee\/en\/#website","url":"https:\/\/test.lokitar.ee\/en\/","name":"Lokitar","description":"Armasta enda juukseid","publisher":{"@id":"https:\/\/test.lokitar.ee\/en\/#organization"},"potentialAction":[{"@type":"SearchAction","target":{"@type":"EntryPoint","urlTemplate":"https:\/\/test.lokitar.ee\/en\/?s={search_term_string}"},"query-input":{"@type":"PropertyValueSpecification","valueRequired":true,"valueName":"search_term_string"}}],"inLanguage":"en-US"},{"@type":"Organization","@id":"https:\/\/test.lokitar.ee\/en\/#organization","name":"Lokitar","url":"https:\/\/test.lokitar.ee\/en\/","logo":{"@type":"ImageObject","inLanguage":"en-US","@id":"https:\/\/test.lokitar.ee\/en\/#\/schema\/logo\/image\/","url":"https:\/\/i0.wp.com\/lokitar.ee\/wp-content\/uploads\/2021\/09\/LokitarLogo350.png?fit=350%2C159&ssl=1","contentUrl":"https:\/\/i0.wp.com\/lokitar.ee\/wp-content\/uploads\/2021\/09\/LokitarLogo350.png?fit=350%2C159&ssl=1","width":350,"height":159,"caption":"Lokitar"},"image":{"@id":"https:\/\/test.lokitar.ee\/en\/#\/schema\/logo\/image\/"},"sameAs":["https:\/\/www.facebook.com\/lokitar.ee\/","https:\/\/www.instagram.com\/lokitar.ee\/","https:\/\/www.youtube.com\/channel\/UCNPGxykKCPoqFQkzd33k5MQ"]}]}},"_links":{"self":[{"href":"https:\/\/test.lokitar.ee\/en\/wp-json\/wp\/v2\/product\/11058","targetHints":{"allow":["GET"]}}],"collection":[{"href":"https:\/\/test.lokitar.ee\/en\/wp-json\/wp\/v2\/product"}],"about":[{"href":"https:\/\/test.lokitar.ee\/en\/wp-json\/wp\/v2\/types\/product"}],"author":[{"embeddable":true,"href":"https:\/\/test.lokitar.ee\/en\/wp-json\/wp\/v2\/users\/2"}],"replies":[{"embeddable":true,"href":"https:\/\/test.lokitar.ee\/en\/wp-json\/wp\/v2\/comments?post=11058"}],"wp:featuredmedia":[{"embeddable":true,"href":"https:\/\/test.lokitar.ee\/en\/wp-json\/wp\/v2\/media\/21860"}],"wp:attachment":[{"href":"https:\/\/test.lokitar.ee\/en\/wp-json\/wp\/v2\/media?parent=11058"}],"wp:term":[{"taxonomy":"product_brand","embeddable":true,"href":"https:\/\/test.lokitar.ee\/en\/wp-json\/wp\/v2\/product_brand?post=11058"},{"taxonomy":"product_cat","embeddable":true,"href":"https:\/\/test.lokitar.ee\/en\/wp-json\/wp\/v2\/product_cat?post=11058"},{"taxonomy":"product_tag","embeddable":true,"href":"https:\/\/test.lokitar.ee\/en\/wp-json\/wp\/v2\/product_tag?post=11058"}],"curies":[{"name":"wp","href":"https:\/\/api.w.org\/{rel}","templated":true}]}}