{"id":16701,"date":"2023-09-20T11:06:06","date_gmt":"2023-09-20T08:06:06","guid":{"rendered":"https:\/\/lokitar.ee\/toode\/diffuser-cap-foonimuts-juuste-kiireks-ja-tohusaks-kuivatamiseks\/"},"modified":"2025-08-28T01:17:58","modified_gmt":"2025-08-27T22:17:58","slug":"diffuser-cap-foonimuts-juuste-kiireks-ja-tohusaks-kuivatamiseks","status":"publish","type":"product","link":"https:\/\/test.lokitar.ee\/en\/product\/diffuser-cap-foonimuts-juuste-kiireks-ja-tohusaks-kuivatamiseks\/","title":{"rendered":"Diffuser Cap &#8211; Easy Dry cap"},"content":{"rendered":"<h5 class=\"product_title wd-entities-title\">SATIN DIFFUSER DRYING CAP | SOULTA &amp; PRETTY<\/h5>\n<div class=\"woocommerce-product-details__short-description\">\n<p>This Satin Diffuser Drying Cap was developed so you can have a salon result at home, with free hands being able to do other things around during process. Made with just one layer of satin so the air can circulate inside the cap and easily exists thought, this way it guarantees fast and efficient drying.<\/p>\n<p>We are excited to co-brand with Soulta Beauty. All the products of Soulta are made in Brazil and its\u00a0 a woman owned company. Soulta made our personalized diffuser cap so that togehter we can make the curly world prettier.<\/p>\n<\/div>\n","protected":false},"excerpt":{"rendered":"<p>F\u00f6\u00f6nim\u00fcts laines, lokkis ja tugevalt krussis juustele. V\u00e4hendab kahusust, s\u00e4ilitab niiskust, annab definitsiooni ja v\u00e4hendab kuivamisaega.<\/p>\n","protected":false},"author":793,"featured_media":16666,"comment_status":"open","ping_status":"closed","template":"","meta":{"cybocfi_hide_featured_image":""},"product_brand":[],"product_cat":[120,122,130],"product_tag":[],"class_list":{"0":"post-16701","1":"product","2":"type-product","3":"status-publish","4":"has-post-thumbnail","6":"product_cat-brands","7":"product_cat-pretty-curly-girl-en-2","8":"product_cat-accessories","10":"first","11":"instock","12":"taxable","13":"shipping-taxable","14":"purchasable","15":"product-type-simple"},"yoast_head":"<!-- This site is optimized with the Yoast SEO plugin v26.4 - https:\/\/yoast.com\/wordpress\/plugins\/seo\/ -->\n<title>Diffuser Cap - Easy Dry cap - Lokitar<\/title>\n<meta name=\"description\" content=\"F\u00f6\u00f6nim\u00fcts laines, lokkis ja tugevalt krussis juustele. V\u00e4hendab kahusust, s\u00e4ilitab niiskust, annab definitsiooni ja v\u00e4hendab kuivamisaega.\" \/>\n<meta name=\"robots\" content=\"index, follow, max-snippet:-1, max-image-preview:large, max-video-preview:-1\" \/>\n<link rel=\"canonical\" href=\"https:\/\/test.lokitar.ee\/en\/product\/diffuser-cap-foonimuts-juuste-kiireks-ja-tohusaks-kuivatamiseks\/\" \/>\n<meta property=\"og:locale\" content=\"en_US\" \/>\n<meta property=\"og:type\" content=\"article\" \/>\n<meta property=\"og:title\" content=\"Lokitar f\u00f6\u00f6nim\u00fcts\" \/>\n<meta property=\"og:description\" content=\"F\u00f6\u00f6nim\u00fcts laines, lokkis ja tugevalt krussis juustele. V\u00e4hendab kahusust, s\u00e4ilitab niiskust, annab definitsiooni ja v\u00e4hendab kuivamisaega.\" \/>\n<meta property=\"og:url\" content=\"https:\/\/test.lokitar.ee\/en\/product\/diffuser-cap-foonimuts-juuste-kiireks-ja-tohusaks-kuivatamiseks\/\" \/>\n<meta property=\"og:site_name\" content=\"Lokitar\" \/>\n<meta property=\"article:publisher\" content=\"https:\/\/www.facebook.com\/lokitar.ee\/\" \/>\n<meta property=\"article:modified_time\" content=\"2025-08-27T22:17:58+00:00\" \/>\n<meta property=\"og:image\" content=\"https:\/\/test.lokitar.ee\/wp-content\/uploads\/2023\/09\/BLOGIARTIKLI-PAISEBANNERID-Facebooki-postitus-1.png\" \/>\n\t<meta property=\"og:image:width\" content=\"940\" \/>\n\t<meta property=\"og:image:height\" content=\"788\" \/>\n\t<meta property=\"og:image:type\" content=\"image\/png\" \/>\n<meta name=\"twitter:label1\" content=\"Est. reading time\" \/>\n\t<meta name=\"twitter:data1\" content=\"1 minute\" \/>\n<script type=\"application\/ld+json\" class=\"yoast-schema-graph\">{\"@context\":\"https:\/\/schema.org\",\"@graph\":[{\"@type\":\"WebPage\",\"@id\":\"https:\/\/test.lokitar.ee\/en\/product\/diffuser-cap-foonimuts-juuste-kiireks-ja-tohusaks-kuivatamiseks\/\",\"url\":\"https:\/\/test.lokitar.ee\/en\/product\/diffuser-cap-foonimuts-juuste-kiireks-ja-tohusaks-kuivatamiseks\/\",\"name\":\"Diffuser Cap - Easy Dry cap - Lokitar\",\"isPartOf\":{\"@id\":\"https:\/\/test.lokitar.ee\/en\/#website\"},\"primaryImageOfPage\":{\"@id\":\"https:\/\/test.lokitar.ee\/en\/product\/diffuser-cap-foonimuts-juuste-kiireks-ja-tohusaks-kuivatamiseks\/#primaryimage\"},\"image\":{\"@id\":\"https:\/\/test.lokitar.ee\/en\/product\/diffuser-cap-foonimuts-juuste-kiireks-ja-tohusaks-kuivatamiseks\/#primaryimage\"},\"thumbnailUrl\":\"https:\/\/test.lokitar.ee\/wp-content\/uploads\/2023\/09\/diffusercapopen.webp\",\"datePublished\":\"2023-09-20T08:06:06+00:00\",\"dateModified\":\"2025-08-27T22:17:58+00:00\",\"description\":\"F\u00f6\u00f6nim\u00fcts laines, lokkis ja tugevalt krussis juustele. V\u00e4hendab kahusust, s\u00e4ilitab niiskust, annab definitsiooni ja v\u00e4hendab kuivamisaega.\",\"breadcrumb\":{\"@id\":\"https:\/\/test.lokitar.ee\/en\/product\/diffuser-cap-foonimuts-juuste-kiireks-ja-tohusaks-kuivatamiseks\/#breadcrumb\"},\"inLanguage\":\"en-US\",\"potentialAction\":[{\"@type\":\"ReadAction\",\"target\":[\"https:\/\/test.lokitar.ee\/en\/product\/diffuser-cap-foonimuts-juuste-kiireks-ja-tohusaks-kuivatamiseks\/\"]}]},{\"@type\":\"ImageObject\",\"inLanguage\":\"en-US\",\"@id\":\"https:\/\/test.lokitar.ee\/en\/product\/diffuser-cap-foonimuts-juuste-kiireks-ja-tohusaks-kuivatamiseks\/#primaryimage\",\"url\":\"https:\/\/test.lokitar.ee\/wp-content\/uploads\/2023\/09\/diffusercapopen.webp\",\"contentUrl\":\"https:\/\/test.lokitar.ee\/wp-content\/uploads\/2023\/09\/diffusercapopen.webp\",\"width\":1200,\"height\":1200},{\"@type\":\"BreadcrumbList\",\"@id\":\"https:\/\/test.lokitar.ee\/en\/product\/diffuser-cap-foonimuts-juuste-kiireks-ja-tohusaks-kuivatamiseks\/#breadcrumb\",\"itemListElement\":[{\"@type\":\"ListItem\",\"position\":1,\"name\":\"Home\",\"item\":\"https:\/\/test.lokitar.ee\/en\/\"},{\"@type\":\"ListItem\",\"position\":2,\"name\":\"Shop\",\"item\":\"https:\/\/test.lokitar.ee\/en\/shop-2\/\"},{\"@type\":\"ListItem\",\"position\":3,\"name\":\"BRANDS\",\"item\":\"https:\/\/test.lokitar.ee\/en\/product-category\/brands\/\"},{\"@type\":\"ListItem\",\"position\":4,\"name\":\"Pretty Curly Girl\",\"item\":\"https:\/\/test.lokitar.ee\/en\/product-category\/brands\/pretty-curly-girl-en-2\/\"},{\"@type\":\"ListItem\",\"position\":5,\"name\":\"Diffuser Cap &#8211; Easy Dry cap\"}]},{\"@type\":\"WebSite\",\"@id\":\"https:\/\/test.lokitar.ee\/en\/#website\",\"url\":\"https:\/\/test.lokitar.ee\/en\/\",\"name\":\"Lokitar\",\"description\":\"Armasta enda juukseid\",\"publisher\":{\"@id\":\"https:\/\/test.lokitar.ee\/en\/#organization\"},\"potentialAction\":[{\"@type\":\"SearchAction\",\"target\":{\"@type\":\"EntryPoint\",\"urlTemplate\":\"https:\/\/test.lokitar.ee\/en\/?s={search_term_string}\"},\"query-input\":{\"@type\":\"PropertyValueSpecification\",\"valueRequired\":true,\"valueName\":\"search_term_string\"}}],\"inLanguage\":\"en-US\"},{\"@type\":\"Organization\",\"@id\":\"https:\/\/test.lokitar.ee\/en\/#organization\",\"name\":\"Lokitar\",\"url\":\"https:\/\/test.lokitar.ee\/en\/\",\"logo\":{\"@type\":\"ImageObject\",\"inLanguage\":\"en-US\",\"@id\":\"https:\/\/test.lokitar.ee\/en\/#\/schema\/logo\/image\/\",\"url\":\"https:\/\/i0.wp.com\/lokitar.ee\/wp-content\/uploads\/2021\/09\/LokitarLogo350.png?fit=350%2C159&ssl=1\",\"contentUrl\":\"https:\/\/i0.wp.com\/lokitar.ee\/wp-content\/uploads\/2021\/09\/LokitarLogo350.png?fit=350%2C159&ssl=1\",\"width\":350,\"height\":159,\"caption\":\"Lokitar\"},\"image\":{\"@id\":\"https:\/\/test.lokitar.ee\/en\/#\/schema\/logo\/image\/\"},\"sameAs\":[\"https:\/\/www.facebook.com\/lokitar.ee\/\",\"https:\/\/www.instagram.com\/lokitar.ee\/\",\"https:\/\/www.youtube.com\/channel\/UCNPGxykKCPoqFQkzd33k5MQ\"]}]}<\/script>\n<!-- \/ Yoast SEO plugin. -->","yoast_head_json":{"title":"Diffuser Cap - Easy Dry cap - Lokitar","description":"F\u00f6\u00f6nim\u00fcts laines, lokkis ja tugevalt krussis juustele. V\u00e4hendab kahusust, s\u00e4ilitab niiskust, annab definitsiooni ja v\u00e4hendab kuivamisaega.","robots":{"index":"index","follow":"follow","max-snippet":"max-snippet:-1","max-image-preview":"max-image-preview:large","max-video-preview":"max-video-preview:-1"},"canonical":"https:\/\/test.lokitar.ee\/en\/product\/diffuser-cap-foonimuts-juuste-kiireks-ja-tohusaks-kuivatamiseks\/","og_locale":"en_US","og_type":"article","og_title":"Lokitar f\u00f6\u00f6nim\u00fcts","og_description":"F\u00f6\u00f6nim\u00fcts laines, lokkis ja tugevalt krussis juustele. V\u00e4hendab kahusust, s\u00e4ilitab niiskust, annab definitsiooni ja v\u00e4hendab kuivamisaega.","og_url":"https:\/\/test.lokitar.ee\/en\/product\/diffuser-cap-foonimuts-juuste-kiireks-ja-tohusaks-kuivatamiseks\/","og_site_name":"Lokitar","article_publisher":"https:\/\/www.facebook.com\/lokitar.ee\/","article_modified_time":"2025-08-27T22:17:58+00:00","og_image":[{"width":940,"height":788,"url":"https:\/\/test.lokitar.ee\/wp-content\/uploads\/2023\/09\/BLOGIARTIKLI-PAISEBANNERID-Facebooki-postitus-1.png","type":"image\/png"}],"twitter_misc":{"Est. reading time":"1 minute"},"schema":{"@context":"https:\/\/schema.org","@graph":[{"@type":"WebPage","@id":"https:\/\/test.lokitar.ee\/en\/product\/diffuser-cap-foonimuts-juuste-kiireks-ja-tohusaks-kuivatamiseks\/","url":"https:\/\/test.lokitar.ee\/en\/product\/diffuser-cap-foonimuts-juuste-kiireks-ja-tohusaks-kuivatamiseks\/","name":"Diffuser Cap - Easy Dry cap - Lokitar","isPartOf":{"@id":"https:\/\/test.lokitar.ee\/en\/#website"},"primaryImageOfPage":{"@id":"https:\/\/test.lokitar.ee\/en\/product\/diffuser-cap-foonimuts-juuste-kiireks-ja-tohusaks-kuivatamiseks\/#primaryimage"},"image":{"@id":"https:\/\/test.lokitar.ee\/en\/product\/diffuser-cap-foonimuts-juuste-kiireks-ja-tohusaks-kuivatamiseks\/#primaryimage"},"thumbnailUrl":"https:\/\/test.lokitar.ee\/wp-content\/uploads\/2023\/09\/diffusercapopen.webp","datePublished":"2023-09-20T08:06:06+00:00","dateModified":"2025-08-27T22:17:58+00:00","description":"F\u00f6\u00f6nim\u00fcts laines, lokkis ja tugevalt krussis juustele. V\u00e4hendab kahusust, s\u00e4ilitab niiskust, annab definitsiooni ja v\u00e4hendab kuivamisaega.","breadcrumb":{"@id":"https:\/\/test.lokitar.ee\/en\/product\/diffuser-cap-foonimuts-juuste-kiireks-ja-tohusaks-kuivatamiseks\/#breadcrumb"},"inLanguage":"en-US","potentialAction":[{"@type":"ReadAction","target":["https:\/\/test.lokitar.ee\/en\/product\/diffuser-cap-foonimuts-juuste-kiireks-ja-tohusaks-kuivatamiseks\/"]}]},{"@type":"ImageObject","inLanguage":"en-US","@id":"https:\/\/test.lokitar.ee\/en\/product\/diffuser-cap-foonimuts-juuste-kiireks-ja-tohusaks-kuivatamiseks\/#primaryimage","url":"https:\/\/test.lokitar.ee\/wp-content\/uploads\/2023\/09\/diffusercapopen.webp","contentUrl":"https:\/\/test.lokitar.ee\/wp-content\/uploads\/2023\/09\/diffusercapopen.webp","width":1200,"height":1200},{"@type":"BreadcrumbList","@id":"https:\/\/test.lokitar.ee\/en\/product\/diffuser-cap-foonimuts-juuste-kiireks-ja-tohusaks-kuivatamiseks\/#breadcrumb","itemListElement":[{"@type":"ListItem","position":1,"name":"Home","item":"https:\/\/test.lokitar.ee\/en\/"},{"@type":"ListItem","position":2,"name":"Shop","item":"https:\/\/test.lokitar.ee\/en\/shop-2\/"},{"@type":"ListItem","position":3,"name":"BRANDS","item":"https:\/\/test.lokitar.ee\/en\/product-category\/brands\/"},{"@type":"ListItem","position":4,"name":"Pretty Curly Girl","item":"https:\/\/test.lokitar.ee\/en\/product-category\/brands\/pretty-curly-girl-en-2\/"},{"@type":"ListItem","position":5,"name":"Diffuser Cap &#8211; Easy Dry cap"}]},{"@type":"WebSite","@id":"https:\/\/test.lokitar.ee\/en\/#website","url":"https:\/\/test.lokitar.ee\/en\/","name":"Lokitar","description":"Armasta enda juukseid","publisher":{"@id":"https:\/\/test.lokitar.ee\/en\/#organization"},"potentialAction":[{"@type":"SearchAction","target":{"@type":"EntryPoint","urlTemplate":"https:\/\/test.lokitar.ee\/en\/?s={search_term_string}"},"query-input":{"@type":"PropertyValueSpecification","valueRequired":true,"valueName":"search_term_string"}}],"inLanguage":"en-US"},{"@type":"Organization","@id":"https:\/\/test.lokitar.ee\/en\/#organization","name":"Lokitar","url":"https:\/\/test.lokitar.ee\/en\/","logo":{"@type":"ImageObject","inLanguage":"en-US","@id":"https:\/\/test.lokitar.ee\/en\/#\/schema\/logo\/image\/","url":"https:\/\/i0.wp.com\/lokitar.ee\/wp-content\/uploads\/2021\/09\/LokitarLogo350.png?fit=350%2C159&ssl=1","contentUrl":"https:\/\/i0.wp.com\/lokitar.ee\/wp-content\/uploads\/2021\/09\/LokitarLogo350.png?fit=350%2C159&ssl=1","width":350,"height":159,"caption":"Lokitar"},"image":{"@id":"https:\/\/test.lokitar.ee\/en\/#\/schema\/logo\/image\/"},"sameAs":["https:\/\/www.facebook.com\/lokitar.ee\/","https:\/\/www.instagram.com\/lokitar.ee\/","https:\/\/www.youtube.com\/channel\/UCNPGxykKCPoqFQkzd33k5MQ"]}]}},"_links":{"self":[{"href":"https:\/\/test.lokitar.ee\/en\/wp-json\/wp\/v2\/product\/16701","targetHints":{"allow":["GET"]}}],"collection":[{"href":"https:\/\/test.lokitar.ee\/en\/wp-json\/wp\/v2\/product"}],"about":[{"href":"https:\/\/test.lokitar.ee\/en\/wp-json\/wp\/v2\/types\/product"}],"author":[{"embeddable":true,"href":"https:\/\/test.lokitar.ee\/en\/wp-json\/wp\/v2\/users\/793"}],"replies":[{"embeddable":true,"href":"https:\/\/test.lokitar.ee\/en\/wp-json\/wp\/v2\/comments?post=16701"}],"wp:featuredmedia":[{"embeddable":true,"href":"https:\/\/test.lokitar.ee\/en\/wp-json\/wp\/v2\/media\/16666"}],"wp:attachment":[{"href":"https:\/\/test.lokitar.ee\/en\/wp-json\/wp\/v2\/media?parent=16701"}],"wp:term":[{"taxonomy":"product_brand","embeddable":true,"href":"https:\/\/test.lokitar.ee\/en\/wp-json\/wp\/v2\/product_brand?post=16701"},{"taxonomy":"product_cat","embeddable":true,"href":"https:\/\/test.lokitar.ee\/en\/wp-json\/wp\/v2\/product_cat?post=16701"},{"taxonomy":"product_tag","embeddable":true,"href":"https:\/\/test.lokitar.ee\/en\/wp-json\/wp\/v2\/product_tag?post=16701"}],"curies":[{"name":"wp","href":"https:\/\/api.w.org\/{rel}","templated":true}]}}