{"id":16756,"date":"2023-08-07T14:57:03","date_gmt":"2023-08-07T11:57:03","guid":{"rendered":"https:\/\/lokitar.ee\/toode\/curly-secret-bye-bye-knots-conditioner-pusapalsam-250ml\/"},"modified":"2025-10-21T15:44:28","modified_gmt":"2025-10-21T12:44:28","slug":"curly-secret-bye-bye-knots-conditioner-pusapalsam-250ml","status":"publish","type":"product","link":"https:\/\/test.lokitar.ee\/en\/product\/curly-secret-bye-bye-knots-conditioner-pusapalsam-250ml\/","title":{"rendered":"Curly Secret Bye Bye Knots Conditioner pusapalsam 250ml"},"content":{"rendered":"<p>Say goodbye to stubborn and unmanageable hair knots. Bye Bye Knots conditioner is designed to make detangling your hair as easy as possible.<\/p>\n<p>The conditioner contains nourishing ingredients that make the hair soft, easily manageable, and shiny. It helps reduce frizz and is suitable for all hair types, especially those prone to excessive dryness.<\/p>\n<p>This product is your secret to easy hair detangling:<\/p>\n<p>\u2022 Deeply moisturizes the hair<\/p>\n<p>\u2022 Effortlessly removes knots and tangles<\/p>\n<p>\u2022 Makes detangling easier than ever before<\/p>\n<p>\u2022 Improves hair manageability and makes them more obedient \u2022 Protein and glycerin-free formula ensures excellent slip<\/p>\n<p>\u2022 Vegan and compatible with the Curly Girl method<\/p>\n<p>Ideally used with Hello Fresh Hair shampoo,<strong><span style=\"color: #800000\"> <a style=\"color: #800000\" href=\"https:\/\/test.lokitar.ee\/toode\/curly-secret-deep-cleansing-sugapuhastav-sampoon-250ml\/\">Deep Cleansing \u0161ampooni<\/a><\/span><\/strong> ja<strong><span style=\"color: #800000\"><a style=\"color: #800000\" href=\"https:\/\/test.lokitar.ee\/toode\/curly-secret-shampoo-bar-tahke-sampoon-60g\/\"> tahke \u0161ampooniga (Shampoo Bar)<\/a><\/span><\/strong><\/p>\n","protected":false},"excerpt":{"rendered":"<p>Pusapalsam toidab, niisutab, eemaldab pusad ja parandab k\u00e4sitletavust. Ideaalne kuivadele ja kahususele kalduvatele juukset\u00fc\u00fcpidele<\/p>\n","protected":false},"author":793,"featured_media":24997,"comment_status":"open","ping_status":"closed","template":"","meta":{"cybocfi_hide_featured_image":""},"product_brand":[],"product_cat":[417,120,403,128],"product_tag":[],"class_list":{"0":"post-16756","1":"product","2":"type-product","3":"status-publish","4":"has-post-thumbnail","6":"product_cat-all-en","7":"product_cat-brands","8":"product_cat-curly-secret","9":"product_cat-conditioners","10":"pa_koostis-cruelty-free","11":"pa_koostis-paraben-free","12":"pa_koostis-silicone-free","13":"pa_koostis-sulfate-free","14":"pa_lokituup-afro-en","15":"pa_lokituup-curly","16":"pa_lokituup-wavy","18":"first","19":"instock","20":"taxable","21":"shipping-taxable","22":"purchasable","23":"product-type-simple"},"yoast_head":"<!-- This site is optimized with the Yoast SEO plugin v26.4 - https:\/\/yoast.com\/wordpress\/plugins\/seo\/ -->\n<title>Curly Secret Bye Bye Knots Conditioner pusapalsam 250ml - Lokitar<\/title>\n<meta name=\"description\" content=\"Pusapalsam toidab, niisutab, eemaldab pusad ja parandab k\u00e4sitletavust. Ideaalne kuivadele ja kahususele kalduvatele juukset\u00fc\u00fcpidele\" \/>\n<meta name=\"robots\" content=\"index, follow, max-snippet:-1, max-image-preview:large, max-video-preview:-1\" \/>\n<link rel=\"canonical\" href=\"https:\/\/test.lokitar.ee\/en\/product\/curly-secret-bye-bye-knots-conditioner-pusapalsam-250ml\/\" \/>\n<meta property=\"og:locale\" content=\"en_US\" \/>\n<meta property=\"og:type\" content=\"article\" \/>\n<meta property=\"og:title\" content=\"Curly Secret Bye Bye Knots Conditioner pusapalsam 250ml - Lokitar\" \/>\n<meta property=\"og:description\" content=\"Pusapalsam toidab, niisutab, eemaldab pusad ja parandab k\u00e4sitletavust. Ideaalne kuivadele ja kahususele kalduvatele juukset\u00fc\u00fcpidele\" \/>\n<meta property=\"og:url\" content=\"https:\/\/test.lokitar.ee\/en\/product\/curly-secret-bye-bye-knots-conditioner-pusapalsam-250ml\/\" \/>\n<meta property=\"og:site_name\" content=\"Lokitar\" \/>\n<meta property=\"article:publisher\" content=\"https:\/\/www.facebook.com\/lokitar.ee\/\" \/>\n<meta property=\"article:modified_time\" content=\"2025-10-21T12:44:28+00:00\" \/>\n<meta property=\"og:image\" content=\"https:\/\/test.lokitar.ee\/wp-content\/uploads\/2023\/08\/Bye-bye-knots-png-600x800.png\" \/>\n\t<meta property=\"og:image:width\" content=\"600\" \/>\n\t<meta property=\"og:image:height\" content=\"800\" \/>\n\t<meta property=\"og:image:type\" content=\"image\/png\" \/>\n<meta name=\"twitter:label1\" content=\"Est. reading time\" \/>\n\t<meta name=\"twitter:data1\" content=\"1 minute\" \/>\n<script type=\"application\/ld+json\" class=\"yoast-schema-graph\">{\"@context\":\"https:\/\/schema.org\",\"@graph\":[{\"@type\":\"WebPage\",\"@id\":\"https:\/\/test.lokitar.ee\/en\/product\/curly-secret-bye-bye-knots-conditioner-pusapalsam-250ml\/\",\"url\":\"https:\/\/test.lokitar.ee\/en\/product\/curly-secret-bye-bye-knots-conditioner-pusapalsam-250ml\/\",\"name\":\"Curly Secret Bye Bye Knots Conditioner pusapalsam 250ml - Lokitar\",\"isPartOf\":{\"@id\":\"https:\/\/test.lokitar.ee\/en\/#website\"},\"primaryImageOfPage\":{\"@id\":\"https:\/\/test.lokitar.ee\/en\/product\/curly-secret-bye-bye-knots-conditioner-pusapalsam-250ml\/#primaryimage\"},\"image\":{\"@id\":\"https:\/\/test.lokitar.ee\/en\/product\/curly-secret-bye-bye-knots-conditioner-pusapalsam-250ml\/#primaryimage\"},\"thumbnailUrl\":\"https:\/\/test.lokitar.ee\/wp-content\/uploads\/2023\/08\/Untitled-design-11.png\",\"datePublished\":\"2023-08-07T11:57:03+00:00\",\"dateModified\":\"2025-10-21T12:44:28+00:00\",\"description\":\"Pusapalsam toidab, niisutab, eemaldab pusad ja parandab k\u00e4sitletavust. Ideaalne kuivadele ja kahususele kalduvatele juukset\u00fc\u00fcpidele\",\"breadcrumb\":{\"@id\":\"https:\/\/test.lokitar.ee\/en\/product\/curly-secret-bye-bye-knots-conditioner-pusapalsam-250ml\/#breadcrumb\"},\"inLanguage\":\"en-US\",\"potentialAction\":[{\"@type\":\"ReadAction\",\"target\":[\"https:\/\/test.lokitar.ee\/en\/product\/curly-secret-bye-bye-knots-conditioner-pusapalsam-250ml\/\"]}]},{\"@type\":\"ImageObject\",\"inLanguage\":\"en-US\",\"@id\":\"https:\/\/test.lokitar.ee\/en\/product\/curly-secret-bye-bye-knots-conditioner-pusapalsam-250ml\/#primaryimage\",\"url\":\"https:\/\/test.lokitar.ee\/wp-content\/uploads\/2023\/08\/Untitled-design-11.png\",\"contentUrl\":\"https:\/\/test.lokitar.ee\/wp-content\/uploads\/2023\/08\/Untitled-design-11.png\",\"width\":1024,\"height\":1024},{\"@type\":\"BreadcrumbList\",\"@id\":\"https:\/\/test.lokitar.ee\/en\/product\/curly-secret-bye-bye-knots-conditioner-pusapalsam-250ml\/#breadcrumb\",\"itemListElement\":[{\"@type\":\"ListItem\",\"position\":1,\"name\":\"Home\",\"item\":\"https:\/\/test.lokitar.ee\/en\/\"},{\"@type\":\"ListItem\",\"position\":2,\"name\":\"Shop\",\"item\":\"https:\/\/test.lokitar.ee\/en\/shop-2\/\"},{\"@type\":\"ListItem\",\"position\":3,\"name\":\"BRANDS\",\"item\":\"https:\/\/test.lokitar.ee\/en\/product-category\/brands\/\"},{\"@type\":\"ListItem\",\"position\":4,\"name\":\"Curly Secret\",\"item\":\"https:\/\/test.lokitar.ee\/en\/product-category\/brands\/curly-secret\/\"},{\"@type\":\"ListItem\",\"position\":5,\"name\":\"Curly Secret Bye Bye Knots Conditioner pusapalsam 250ml\"}]},{\"@type\":\"WebSite\",\"@id\":\"https:\/\/test.lokitar.ee\/en\/#website\",\"url\":\"https:\/\/test.lokitar.ee\/en\/\",\"name\":\"Lokitar\",\"description\":\"Armasta enda juukseid\",\"publisher\":{\"@id\":\"https:\/\/test.lokitar.ee\/en\/#organization\"},\"potentialAction\":[{\"@type\":\"SearchAction\",\"target\":{\"@type\":\"EntryPoint\",\"urlTemplate\":\"https:\/\/test.lokitar.ee\/en\/?s={search_term_string}\"},\"query-input\":{\"@type\":\"PropertyValueSpecification\",\"valueRequired\":true,\"valueName\":\"search_term_string\"}}],\"inLanguage\":\"en-US\"},{\"@type\":\"Organization\",\"@id\":\"https:\/\/test.lokitar.ee\/en\/#organization\",\"name\":\"Lokitar\",\"url\":\"https:\/\/test.lokitar.ee\/en\/\",\"logo\":{\"@type\":\"ImageObject\",\"inLanguage\":\"en-US\",\"@id\":\"https:\/\/test.lokitar.ee\/en\/#\/schema\/logo\/image\/\",\"url\":\"https:\/\/i0.wp.com\/lokitar.ee\/wp-content\/uploads\/2021\/09\/LokitarLogo350.png?fit=350%2C159&ssl=1\",\"contentUrl\":\"https:\/\/i0.wp.com\/lokitar.ee\/wp-content\/uploads\/2021\/09\/LokitarLogo350.png?fit=350%2C159&ssl=1\",\"width\":350,\"height\":159,\"caption\":\"Lokitar\"},\"image\":{\"@id\":\"https:\/\/test.lokitar.ee\/en\/#\/schema\/logo\/image\/\"},\"sameAs\":[\"https:\/\/www.facebook.com\/lokitar.ee\/\",\"https:\/\/www.instagram.com\/lokitar.ee\/\",\"https:\/\/www.youtube.com\/channel\/UCNPGxykKCPoqFQkzd33k5MQ\"]}]}<\/script>\n<!-- \/ Yoast SEO plugin. -->","yoast_head_json":{"title":"Curly Secret Bye Bye Knots Conditioner pusapalsam 250ml - Lokitar","description":"Pusapalsam toidab, niisutab, eemaldab pusad ja parandab k\u00e4sitletavust. Ideaalne kuivadele ja kahususele kalduvatele juukset\u00fc\u00fcpidele","robots":{"index":"index","follow":"follow","max-snippet":"max-snippet:-1","max-image-preview":"max-image-preview:large","max-video-preview":"max-video-preview:-1"},"canonical":"https:\/\/test.lokitar.ee\/en\/product\/curly-secret-bye-bye-knots-conditioner-pusapalsam-250ml\/","og_locale":"en_US","og_type":"article","og_title":"Curly Secret Bye Bye Knots Conditioner pusapalsam 250ml - Lokitar","og_description":"Pusapalsam toidab, niisutab, eemaldab pusad ja parandab k\u00e4sitletavust. Ideaalne kuivadele ja kahususele kalduvatele juukset\u00fc\u00fcpidele","og_url":"https:\/\/test.lokitar.ee\/en\/product\/curly-secret-bye-bye-knots-conditioner-pusapalsam-250ml\/","og_site_name":"Lokitar","article_publisher":"https:\/\/www.facebook.com\/lokitar.ee\/","article_modified_time":"2025-10-21T12:44:28+00:00","og_image":[{"width":600,"height":800,"url":"https:\/\/test.lokitar.ee\/wp-content\/uploads\/2023\/08\/Bye-bye-knots-png-600x800.png","type":"image\/png"}],"twitter_misc":{"Est. reading time":"1 minute"},"schema":{"@context":"https:\/\/schema.org","@graph":[{"@type":"WebPage","@id":"https:\/\/test.lokitar.ee\/en\/product\/curly-secret-bye-bye-knots-conditioner-pusapalsam-250ml\/","url":"https:\/\/test.lokitar.ee\/en\/product\/curly-secret-bye-bye-knots-conditioner-pusapalsam-250ml\/","name":"Curly Secret Bye Bye Knots Conditioner pusapalsam 250ml - Lokitar","isPartOf":{"@id":"https:\/\/test.lokitar.ee\/en\/#website"},"primaryImageOfPage":{"@id":"https:\/\/test.lokitar.ee\/en\/product\/curly-secret-bye-bye-knots-conditioner-pusapalsam-250ml\/#primaryimage"},"image":{"@id":"https:\/\/test.lokitar.ee\/en\/product\/curly-secret-bye-bye-knots-conditioner-pusapalsam-250ml\/#primaryimage"},"thumbnailUrl":"https:\/\/test.lokitar.ee\/wp-content\/uploads\/2023\/08\/Untitled-design-11.png","datePublished":"2023-08-07T11:57:03+00:00","dateModified":"2025-10-21T12:44:28+00:00","description":"Pusapalsam toidab, niisutab, eemaldab pusad ja parandab k\u00e4sitletavust. Ideaalne kuivadele ja kahususele kalduvatele juukset\u00fc\u00fcpidele","breadcrumb":{"@id":"https:\/\/test.lokitar.ee\/en\/product\/curly-secret-bye-bye-knots-conditioner-pusapalsam-250ml\/#breadcrumb"},"inLanguage":"en-US","potentialAction":[{"@type":"ReadAction","target":["https:\/\/test.lokitar.ee\/en\/product\/curly-secret-bye-bye-knots-conditioner-pusapalsam-250ml\/"]}]},{"@type":"ImageObject","inLanguage":"en-US","@id":"https:\/\/test.lokitar.ee\/en\/product\/curly-secret-bye-bye-knots-conditioner-pusapalsam-250ml\/#primaryimage","url":"https:\/\/test.lokitar.ee\/wp-content\/uploads\/2023\/08\/Untitled-design-11.png","contentUrl":"https:\/\/test.lokitar.ee\/wp-content\/uploads\/2023\/08\/Untitled-design-11.png","width":1024,"height":1024},{"@type":"BreadcrumbList","@id":"https:\/\/test.lokitar.ee\/en\/product\/curly-secret-bye-bye-knots-conditioner-pusapalsam-250ml\/#breadcrumb","itemListElement":[{"@type":"ListItem","position":1,"name":"Home","item":"https:\/\/test.lokitar.ee\/en\/"},{"@type":"ListItem","position":2,"name":"Shop","item":"https:\/\/test.lokitar.ee\/en\/shop-2\/"},{"@type":"ListItem","position":3,"name":"BRANDS","item":"https:\/\/test.lokitar.ee\/en\/product-category\/brands\/"},{"@type":"ListItem","position":4,"name":"Curly Secret","item":"https:\/\/test.lokitar.ee\/en\/product-category\/brands\/curly-secret\/"},{"@type":"ListItem","position":5,"name":"Curly Secret Bye Bye Knots Conditioner pusapalsam 250ml"}]},{"@type":"WebSite","@id":"https:\/\/test.lokitar.ee\/en\/#website","url":"https:\/\/test.lokitar.ee\/en\/","name":"Lokitar","description":"Armasta enda juukseid","publisher":{"@id":"https:\/\/test.lokitar.ee\/en\/#organization"},"potentialAction":[{"@type":"SearchAction","target":{"@type":"EntryPoint","urlTemplate":"https:\/\/test.lokitar.ee\/en\/?s={search_term_string}"},"query-input":{"@type":"PropertyValueSpecification","valueRequired":true,"valueName":"search_term_string"}}],"inLanguage":"en-US"},{"@type":"Organization","@id":"https:\/\/test.lokitar.ee\/en\/#organization","name":"Lokitar","url":"https:\/\/test.lokitar.ee\/en\/","logo":{"@type":"ImageObject","inLanguage":"en-US","@id":"https:\/\/test.lokitar.ee\/en\/#\/schema\/logo\/image\/","url":"https:\/\/i0.wp.com\/lokitar.ee\/wp-content\/uploads\/2021\/09\/LokitarLogo350.png?fit=350%2C159&ssl=1","contentUrl":"https:\/\/i0.wp.com\/lokitar.ee\/wp-content\/uploads\/2021\/09\/LokitarLogo350.png?fit=350%2C159&ssl=1","width":350,"height":159,"caption":"Lokitar"},"image":{"@id":"https:\/\/test.lokitar.ee\/en\/#\/schema\/logo\/image\/"},"sameAs":["https:\/\/www.facebook.com\/lokitar.ee\/","https:\/\/www.instagram.com\/lokitar.ee\/","https:\/\/www.youtube.com\/channel\/UCNPGxykKCPoqFQkzd33k5MQ"]}]}},"_links":{"self":[{"href":"https:\/\/test.lokitar.ee\/en\/wp-json\/wp\/v2\/product\/16756","targetHints":{"allow":["GET"]}}],"collection":[{"href":"https:\/\/test.lokitar.ee\/en\/wp-json\/wp\/v2\/product"}],"about":[{"href":"https:\/\/test.lokitar.ee\/en\/wp-json\/wp\/v2\/types\/product"}],"author":[{"embeddable":true,"href":"https:\/\/test.lokitar.ee\/en\/wp-json\/wp\/v2\/users\/793"}],"replies":[{"embeddable":true,"href":"https:\/\/test.lokitar.ee\/en\/wp-json\/wp\/v2\/comments?post=16756"}],"wp:featuredmedia":[{"embeddable":true,"href":"https:\/\/test.lokitar.ee\/en\/wp-json\/wp\/v2\/media\/24997"}],"wp:attachment":[{"href":"https:\/\/test.lokitar.ee\/en\/wp-json\/wp\/v2\/media?parent=16756"}],"wp:term":[{"taxonomy":"product_brand","embeddable":true,"href":"https:\/\/test.lokitar.ee\/en\/wp-json\/wp\/v2\/product_brand?post=16756"},{"taxonomy":"product_cat","embeddable":true,"href":"https:\/\/test.lokitar.ee\/en\/wp-json\/wp\/v2\/product_cat?post=16756"},{"taxonomy":"product_tag","embeddable":true,"href":"https:\/\/test.lokitar.ee\/en\/wp-json\/wp\/v2\/product_tag?post=16756"}],"curies":[{"name":"wp","href":"https:\/\/api.w.org\/{rel}","templated":true}]}}