{"id":16757,"date":"2023-08-07T16:02:35","date_gmt":"2023-08-07T13:02:35","guid":{"rendered":"https:\/\/lokitar.ee\/toode\/curly-secret-quench-my-thirst-2-in-1-intensiivhooldus-250ml\/"},"modified":"2025-10-08T06:44:27","modified_gmt":"2025-10-08T03:44:27","slug":"curly-secret-quench-my-thirst-2-in-1-intensiivhooldus-250ml","status":"publish","type":"product","link":"https:\/\/test.lokitar.ee\/en\/product\/curly-secret-quench-my-thirst-2-in-1-intensiivhooldus-250ml\/","title":{"rendered":"Curly Secret Quench My Thirst 2-in-1 Intensive hair treatment 250ml"},"content":{"rendered":"<p>Forget dry and dull hair. This 2-in-1 intensive hair treatment and styling product together are designed to effectively nourish your hair and add shine.<\/p>\n<p>Quench My Thirst is a multifunctional product that can be used both as a hair mask and a styling agent. It effectively nourishes the hair, fights frizz, and adds shine. It contains hair-nourishing oils, including jojoba oil, which, in addition to beautiful shine, also helps stimulate hair growth.<\/p>\n<p>Extra vitamin E has been added to the product, which even more effectively helps stimulate hair growth, prevent hair loss, and aging of the hair. In addition, the tea tree oil contained in the product regulates excessive sebum secretion, which is definitely a bonus for everyone.<\/p>\n<p>Give your hair new life by quenching their thirst.<br \/>\n\u2022 2-in-1 product: can be used both as a hair mask and as a hair cream<br \/>\n\u2022 Effectively nourishing and moisturizing. Suitable for very dry hair as well<br \/>\n\u2022 Adds shine and fights frizz<br \/>\n\u2022 Protein and glycerin-free composition<br \/>\n\u2022 Suitable for medium and also high porosity coarse hair<br \/>\n\u2022 Vegan and compatible with the Curly Girl method<br \/>\n\u2022 Ideally suited for dry, frizzy, and medium or coarse hair<\/p>\n<p>Best used with: Clarifying Shampoo Bar, Deep Cleansing Shampoo, Shampoo Bar, Hello Fresh Hair Shampoo, Bentonite Clay, all hair gels<\/p>\n","protected":false},"excerpt":{"rendered":"<p>Multifunktsionaalne 2-in-1 juuksemask ja viimistlus \u00fcheskoos. Kustutab juuste janu, niisutab, toidab, aitab v\u00f5idelda kahususe vastu ning lisab l\u00e4iget<\/p>\n","protected":false},"author":793,"featured_media":25000,"comment_status":"open","ping_status":"closed","template":"","meta":{"cybocfi_hide_featured_image":""},"product_brand":[],"product_cat":[120,403,175,126],"product_tag":[],"class_list":{"0":"post-16757","1":"product","2":"type-product","3":"status-publish","4":"has-post-thumbnail","6":"product_cat-brands","7":"product_cat-curly-secret","8":"product_cat-hair-masks","9":"product_cat-hair-gels","10":"pa_koostis-cruelty-free","11":"pa_koostis-paraben-free","12":"pa_koostis-silicone-free","13":"pa_koostis-sulfate-free","14":"pa_lokituup-afro-en","15":"pa_lokituup-curly","16":"pa_lokituup-wavy","18":"first","19":"outofstock","20":"taxable","21":"shipping-taxable","22":"purchasable","23":"product-type-simple"},"yoast_head":"<!-- This site is optimized with the Yoast SEO plugin v26.4 - https:\/\/yoast.com\/wordpress\/plugins\/seo\/ -->\n<title>Curly Secret Quench My Thirst 2-in-1 Intensive hair treatment 250ml - Lokitar<\/title>\n<meta name=\"description\" content=\"Multifunktsionaalne 2-in-1 juuksemask ja viimistlus \u00fcheskoos. Kustutab juuste janu, niisutab, toidab, aitab v\u00f5idelda kahususe vastu ning lisab l\u00e4iget\" \/>\n<meta name=\"robots\" content=\"index, follow, max-snippet:-1, max-image-preview:large, max-video-preview:-1\" \/>\n<link rel=\"canonical\" href=\"https:\/\/test.lokitar.ee\/en\/product\/curly-secret-quench-my-thirst-2-in-1-intensiivhooldus-250ml\/\" \/>\n<meta property=\"og:locale\" content=\"en_US\" \/>\n<meta property=\"og:type\" content=\"article\" \/>\n<meta property=\"og:title\" content=\"Curly Secret Quench My Thirst 2-in-1 Intensive hair treatment 250ml - Lokitar\" \/>\n<meta property=\"og:description\" content=\"Multifunktsionaalne 2-in-1 juuksemask ja viimistlus \u00fcheskoos. Kustutab juuste janu, niisutab, toidab, aitab v\u00f5idelda kahususe vastu ning lisab l\u00e4iget\" \/>\n<meta property=\"og:url\" content=\"https:\/\/test.lokitar.ee\/en\/product\/curly-secret-quench-my-thirst-2-in-1-intensiivhooldus-250ml\/\" \/>\n<meta property=\"og:site_name\" content=\"Lokitar\" \/>\n<meta property=\"article:publisher\" content=\"https:\/\/www.facebook.com\/lokitar.ee\/\" \/>\n<meta property=\"article:modified_time\" content=\"2025-10-08T03:44:27+00:00\" \/>\n<meta property=\"og:image\" content=\"https:\/\/test.lokitar.ee\/wp-content\/uploads\/2023\/08\/Untitled-design-15.png\" \/>\n\t<meta property=\"og:image:width\" content=\"1024\" \/>\n\t<meta property=\"og:image:height\" content=\"1024\" \/>\n\t<meta property=\"og:image:type\" content=\"image\/png\" \/>\n<meta name=\"twitter:label1\" content=\"Est. reading time\" \/>\n\t<meta name=\"twitter:data1\" content=\"1 minute\" \/>\n<script type=\"application\/ld+json\" class=\"yoast-schema-graph\">{\"@context\":\"https:\/\/schema.org\",\"@graph\":[{\"@type\":\"WebPage\",\"@id\":\"https:\/\/test.lokitar.ee\/en\/product\/curly-secret-quench-my-thirst-2-in-1-intensiivhooldus-250ml\/\",\"url\":\"https:\/\/test.lokitar.ee\/en\/product\/curly-secret-quench-my-thirst-2-in-1-intensiivhooldus-250ml\/\",\"name\":\"Curly Secret Quench My Thirst 2-in-1 Intensive hair treatment 250ml - Lokitar\",\"isPartOf\":{\"@id\":\"https:\/\/test.lokitar.ee\/en\/#website\"},\"primaryImageOfPage\":{\"@id\":\"https:\/\/test.lokitar.ee\/en\/product\/curly-secret-quench-my-thirst-2-in-1-intensiivhooldus-250ml\/#primaryimage\"},\"image\":{\"@id\":\"https:\/\/test.lokitar.ee\/en\/product\/curly-secret-quench-my-thirst-2-in-1-intensiivhooldus-250ml\/#primaryimage\"},\"thumbnailUrl\":\"https:\/\/test.lokitar.ee\/wp-content\/uploads\/2023\/08\/Untitled-design-15.png\",\"datePublished\":\"2023-08-07T13:02:35+00:00\",\"dateModified\":\"2025-10-08T03:44:27+00:00\",\"description\":\"Multifunktsionaalne 2-in-1 juuksemask ja viimistlus \u00fcheskoos. Kustutab juuste janu, niisutab, toidab, aitab v\u00f5idelda kahususe vastu ning lisab l\u00e4iget\",\"breadcrumb\":{\"@id\":\"https:\/\/test.lokitar.ee\/en\/product\/curly-secret-quench-my-thirst-2-in-1-intensiivhooldus-250ml\/#breadcrumb\"},\"inLanguage\":\"en-US\",\"potentialAction\":[{\"@type\":\"ReadAction\",\"target\":[\"https:\/\/test.lokitar.ee\/en\/product\/curly-secret-quench-my-thirst-2-in-1-intensiivhooldus-250ml\/\"]}]},{\"@type\":\"ImageObject\",\"inLanguage\":\"en-US\",\"@id\":\"https:\/\/test.lokitar.ee\/en\/product\/curly-secret-quench-my-thirst-2-in-1-intensiivhooldus-250ml\/#primaryimage\",\"url\":\"https:\/\/test.lokitar.ee\/wp-content\/uploads\/2023\/08\/Untitled-design-15.png\",\"contentUrl\":\"https:\/\/test.lokitar.ee\/wp-content\/uploads\/2023\/08\/Untitled-design-15.png\",\"width\":1024,\"height\":1024},{\"@type\":\"BreadcrumbList\",\"@id\":\"https:\/\/test.lokitar.ee\/en\/product\/curly-secret-quench-my-thirst-2-in-1-intensiivhooldus-250ml\/#breadcrumb\",\"itemListElement\":[{\"@type\":\"ListItem\",\"position\":1,\"name\":\"Home\",\"item\":\"https:\/\/test.lokitar.ee\/en\/\"},{\"@type\":\"ListItem\",\"position\":2,\"name\":\"Shop\",\"item\":\"https:\/\/test.lokitar.ee\/en\/shop-2\/\"},{\"@type\":\"ListItem\",\"position\":3,\"name\":\"BRANDS\",\"item\":\"https:\/\/test.lokitar.ee\/en\/product-category\/brands\/\"},{\"@type\":\"ListItem\",\"position\":4,\"name\":\"Curly Secret\",\"item\":\"https:\/\/test.lokitar.ee\/en\/product-category\/brands\/curly-secret\/\"},{\"@type\":\"ListItem\",\"position\":5,\"name\":\"Curly Secret Quench My Thirst 2-in-1 Intensive hair treatment 250ml\"}]},{\"@type\":\"WebSite\",\"@id\":\"https:\/\/test.lokitar.ee\/en\/#website\",\"url\":\"https:\/\/test.lokitar.ee\/en\/\",\"name\":\"Lokitar\",\"description\":\"Armasta enda juukseid\",\"publisher\":{\"@id\":\"https:\/\/test.lokitar.ee\/en\/#organization\"},\"potentialAction\":[{\"@type\":\"SearchAction\",\"target\":{\"@type\":\"EntryPoint\",\"urlTemplate\":\"https:\/\/test.lokitar.ee\/en\/?s={search_term_string}\"},\"query-input\":{\"@type\":\"PropertyValueSpecification\",\"valueRequired\":true,\"valueName\":\"search_term_string\"}}],\"inLanguage\":\"en-US\"},{\"@type\":\"Organization\",\"@id\":\"https:\/\/test.lokitar.ee\/en\/#organization\",\"name\":\"Lokitar\",\"url\":\"https:\/\/test.lokitar.ee\/en\/\",\"logo\":{\"@type\":\"ImageObject\",\"inLanguage\":\"en-US\",\"@id\":\"https:\/\/test.lokitar.ee\/en\/#\/schema\/logo\/image\/\",\"url\":\"https:\/\/i0.wp.com\/lokitar.ee\/wp-content\/uploads\/2021\/09\/LokitarLogo350.png?fit=350%2C159&ssl=1\",\"contentUrl\":\"https:\/\/i0.wp.com\/lokitar.ee\/wp-content\/uploads\/2021\/09\/LokitarLogo350.png?fit=350%2C159&ssl=1\",\"width\":350,\"height\":159,\"caption\":\"Lokitar\"},\"image\":{\"@id\":\"https:\/\/test.lokitar.ee\/en\/#\/schema\/logo\/image\/\"},\"sameAs\":[\"https:\/\/www.facebook.com\/lokitar.ee\/\",\"https:\/\/www.instagram.com\/lokitar.ee\/\",\"https:\/\/www.youtube.com\/channel\/UCNPGxykKCPoqFQkzd33k5MQ\"]}]}<\/script>\n<!-- \/ Yoast SEO plugin. -->","yoast_head_json":{"title":"Curly Secret Quench My Thirst 2-in-1 Intensive hair treatment 250ml - Lokitar","description":"Multifunktsionaalne 2-in-1 juuksemask ja viimistlus \u00fcheskoos. Kustutab juuste janu, niisutab, toidab, aitab v\u00f5idelda kahususe vastu ning lisab l\u00e4iget","robots":{"index":"index","follow":"follow","max-snippet":"max-snippet:-1","max-image-preview":"max-image-preview:large","max-video-preview":"max-video-preview:-1"},"canonical":"https:\/\/test.lokitar.ee\/en\/product\/curly-secret-quench-my-thirst-2-in-1-intensiivhooldus-250ml\/","og_locale":"en_US","og_type":"article","og_title":"Curly Secret Quench My Thirst 2-in-1 Intensive hair treatment 250ml - Lokitar","og_description":"Multifunktsionaalne 2-in-1 juuksemask ja viimistlus \u00fcheskoos. Kustutab juuste janu, niisutab, toidab, aitab v\u00f5idelda kahususe vastu ning lisab l\u00e4iget","og_url":"https:\/\/test.lokitar.ee\/en\/product\/curly-secret-quench-my-thirst-2-in-1-intensiivhooldus-250ml\/","og_site_name":"Lokitar","article_publisher":"https:\/\/www.facebook.com\/lokitar.ee\/","article_modified_time":"2025-10-08T03:44:27+00:00","og_image":[{"width":1024,"height":1024,"url":"https:\/\/test.lokitar.ee\/wp-content\/uploads\/2023\/08\/Untitled-design-15.png","type":"image\/png"}],"twitter_misc":{"Est. reading time":"1 minute"},"schema":{"@context":"https:\/\/schema.org","@graph":[{"@type":"WebPage","@id":"https:\/\/test.lokitar.ee\/en\/product\/curly-secret-quench-my-thirst-2-in-1-intensiivhooldus-250ml\/","url":"https:\/\/test.lokitar.ee\/en\/product\/curly-secret-quench-my-thirst-2-in-1-intensiivhooldus-250ml\/","name":"Curly Secret Quench My Thirst 2-in-1 Intensive hair treatment 250ml - Lokitar","isPartOf":{"@id":"https:\/\/test.lokitar.ee\/en\/#website"},"primaryImageOfPage":{"@id":"https:\/\/test.lokitar.ee\/en\/product\/curly-secret-quench-my-thirst-2-in-1-intensiivhooldus-250ml\/#primaryimage"},"image":{"@id":"https:\/\/test.lokitar.ee\/en\/product\/curly-secret-quench-my-thirst-2-in-1-intensiivhooldus-250ml\/#primaryimage"},"thumbnailUrl":"https:\/\/test.lokitar.ee\/wp-content\/uploads\/2023\/08\/Untitled-design-15.png","datePublished":"2023-08-07T13:02:35+00:00","dateModified":"2025-10-08T03:44:27+00:00","description":"Multifunktsionaalne 2-in-1 juuksemask ja viimistlus \u00fcheskoos. Kustutab juuste janu, niisutab, toidab, aitab v\u00f5idelda kahususe vastu ning lisab l\u00e4iget","breadcrumb":{"@id":"https:\/\/test.lokitar.ee\/en\/product\/curly-secret-quench-my-thirst-2-in-1-intensiivhooldus-250ml\/#breadcrumb"},"inLanguage":"en-US","potentialAction":[{"@type":"ReadAction","target":["https:\/\/test.lokitar.ee\/en\/product\/curly-secret-quench-my-thirst-2-in-1-intensiivhooldus-250ml\/"]}]},{"@type":"ImageObject","inLanguage":"en-US","@id":"https:\/\/test.lokitar.ee\/en\/product\/curly-secret-quench-my-thirst-2-in-1-intensiivhooldus-250ml\/#primaryimage","url":"https:\/\/test.lokitar.ee\/wp-content\/uploads\/2023\/08\/Untitled-design-15.png","contentUrl":"https:\/\/test.lokitar.ee\/wp-content\/uploads\/2023\/08\/Untitled-design-15.png","width":1024,"height":1024},{"@type":"BreadcrumbList","@id":"https:\/\/test.lokitar.ee\/en\/product\/curly-secret-quench-my-thirst-2-in-1-intensiivhooldus-250ml\/#breadcrumb","itemListElement":[{"@type":"ListItem","position":1,"name":"Home","item":"https:\/\/test.lokitar.ee\/en\/"},{"@type":"ListItem","position":2,"name":"Shop","item":"https:\/\/test.lokitar.ee\/en\/shop-2\/"},{"@type":"ListItem","position":3,"name":"BRANDS","item":"https:\/\/test.lokitar.ee\/en\/product-category\/brands\/"},{"@type":"ListItem","position":4,"name":"Curly Secret","item":"https:\/\/test.lokitar.ee\/en\/product-category\/brands\/curly-secret\/"},{"@type":"ListItem","position":5,"name":"Curly Secret Quench My Thirst 2-in-1 Intensive hair treatment 250ml"}]},{"@type":"WebSite","@id":"https:\/\/test.lokitar.ee\/en\/#website","url":"https:\/\/test.lokitar.ee\/en\/","name":"Lokitar","description":"Armasta enda juukseid","publisher":{"@id":"https:\/\/test.lokitar.ee\/en\/#organization"},"potentialAction":[{"@type":"SearchAction","target":{"@type":"EntryPoint","urlTemplate":"https:\/\/test.lokitar.ee\/en\/?s={search_term_string}"},"query-input":{"@type":"PropertyValueSpecification","valueRequired":true,"valueName":"search_term_string"}}],"inLanguage":"en-US"},{"@type":"Organization","@id":"https:\/\/test.lokitar.ee\/en\/#organization","name":"Lokitar","url":"https:\/\/test.lokitar.ee\/en\/","logo":{"@type":"ImageObject","inLanguage":"en-US","@id":"https:\/\/test.lokitar.ee\/en\/#\/schema\/logo\/image\/","url":"https:\/\/i0.wp.com\/lokitar.ee\/wp-content\/uploads\/2021\/09\/LokitarLogo350.png?fit=350%2C159&ssl=1","contentUrl":"https:\/\/i0.wp.com\/lokitar.ee\/wp-content\/uploads\/2021\/09\/LokitarLogo350.png?fit=350%2C159&ssl=1","width":350,"height":159,"caption":"Lokitar"},"image":{"@id":"https:\/\/test.lokitar.ee\/en\/#\/schema\/logo\/image\/"},"sameAs":["https:\/\/www.facebook.com\/lokitar.ee\/","https:\/\/www.instagram.com\/lokitar.ee\/","https:\/\/www.youtube.com\/channel\/UCNPGxykKCPoqFQkzd33k5MQ"]}]}},"_links":{"self":[{"href":"https:\/\/test.lokitar.ee\/en\/wp-json\/wp\/v2\/product\/16757","targetHints":{"allow":["GET"]}}],"collection":[{"href":"https:\/\/test.lokitar.ee\/en\/wp-json\/wp\/v2\/product"}],"about":[{"href":"https:\/\/test.lokitar.ee\/en\/wp-json\/wp\/v2\/types\/product"}],"author":[{"embeddable":true,"href":"https:\/\/test.lokitar.ee\/en\/wp-json\/wp\/v2\/users\/793"}],"replies":[{"embeddable":true,"href":"https:\/\/test.lokitar.ee\/en\/wp-json\/wp\/v2\/comments?post=16757"}],"wp:featuredmedia":[{"embeddable":true,"href":"https:\/\/test.lokitar.ee\/en\/wp-json\/wp\/v2\/media\/25000"}],"wp:attachment":[{"href":"https:\/\/test.lokitar.ee\/en\/wp-json\/wp\/v2\/media?parent=16757"}],"wp:term":[{"taxonomy":"product_brand","embeddable":true,"href":"https:\/\/test.lokitar.ee\/en\/wp-json\/wp\/v2\/product_brand?post=16757"},{"taxonomy":"product_cat","embeddable":true,"href":"https:\/\/test.lokitar.ee\/en\/wp-json\/wp\/v2\/product_cat?post=16757"},{"taxonomy":"product_tag","embeddable":true,"href":"https:\/\/test.lokitar.ee\/en\/wp-json\/wp\/v2\/product_tag?post=16757"}],"curies":[{"name":"wp","href":"https:\/\/api.w.org\/{rel}","templated":true}]}}