{"id":16767,"date":"2023-08-07T14:06:12","date_gmt":"2023-08-07T11:06:12","guid":{"rendered":"https:\/\/lokitar.ee\/toode\/curly-secret-scrunching-oil-juukseoli-30ml\/"},"modified":"2025-10-24T22:13:01","modified_gmt":"2025-10-24T19:13:01","slug":"curly-secret-scrunching-oil-juukseoli-30ml","status":"publish","type":"product","link":"https:\/\/test.lokitar.ee\/en\/product\/curly-secret-scrunching-oil-juukseoli-30ml\/","title":{"rendered":"Curly Secret Scrunching Oil 30ml"},"content":{"rendered":"<p>Forget about hard and crunchy curls. Scrunching Oil transforms your curls into soft and shiny locks without making them greasy. Ideal for softening the crunchy gel cast on curls. Scrunching Oil has an exceptionally light formula that helps remove the hard feeling left by strong-hold gels upon drying.<\/p>\n<p>A small amount is sufficient for optimal results. It moisturizes your hair, instantly adds shine, and fights frizz. Scrunching Oil is also excellent for protecting dry and brittle hair ends.<\/p>\n<p>For finishing soft and shiny curls:<\/p>\n<p>\u2022 Moisturizes and adds shine<\/p>\n<p>\u2022 Fights frizz<\/p>\n<p>\u2022 Light, protein-free formula<\/p>\n<p>\u2022 A small amount yields optimal results<\/p>\n<p>\u2022 Suitable for straight, wavy, curly, and fluffy hair<\/p>\n<p>\u2022 Vegan and compatible with the Curly Girl method Suitable for all hair types<\/p>\n<p>Usage: Use 3 drops of the product to remove the hardness caused by gel drying and make the curls soft and bouncy again. Rub the oil between your hands to warm it up and apply it to dry hair after styling with gel. Apply 1-2 drops of oil to the hair ends as the final step in your hair care routine to lock in moisture and protect the ends from drying out<\/p>\n","protected":false},"excerpt":{"rendered":"<p>Kerge juukse\u00f5li igale juukset\u00fc\u00fcbile. Niisutab, lisab l\u00e4iget ja v\u00f5itleb kahususe vastu ilma juukseid rasvaseks muutmata. Tulemuseks pehmed ja l\u00e4ikivad lokid. <\/p>\n","protected":false},"author":793,"featured_media":25010,"comment_status":"open","ping_status":"closed","template":"","meta":{"cybocfi_hide_featured_image":""},"product_brand":[],"product_cat":[120,403,131],"product_tag":[],"class_list":{"0":"post-16767","1":"product","2":"type-product","3":"status-publish","4":"has-post-thumbnail","6":"product_cat-brands","7":"product_cat-curly-secret","8":"product_cat-oils-and-serums","9":"pa_koostis-cruelty-free","10":"pa_koostis-paraben-free","11":"pa_koostis-silicone-free","12":"pa_koostis-sulfate-free","13":"pa_lokituup-afro-en","14":"pa_lokituup-curly","15":"pa_lokituup-wavy","16":"pa_toime-hair-growth-stimulating","18":"first","19":"instock","20":"taxable","21":"shipping-taxable","22":"purchasable","23":"product-type-simple"},"yoast_head":"<!-- This site is optimized with the Yoast SEO plugin v26.4 - https:\/\/yoast.com\/wordpress\/plugins\/seo\/ -->\n<title>Curly Secret Scrunching Oil 30ml - Lokitar<\/title>\n<meta name=\"description\" content=\"Kerge juukse\u00f5li igale juukset\u00fc\u00fcbile. Niisutab, lisab l\u00e4iget ja v\u00f5itleb kahususe vastu ilma juukseid rasvaseks muutmata. Tulemuseks pehmed ja l\u00e4ikivad lokid.\" \/>\n<meta name=\"robots\" content=\"index, follow, max-snippet:-1, max-image-preview:large, max-video-preview:-1\" \/>\n<link rel=\"canonical\" href=\"https:\/\/test.lokitar.ee\/en\/product\/curly-secret-scrunching-oil-juukseoli-30ml\/\" \/>\n<meta property=\"og:locale\" content=\"en_US\" \/>\n<meta property=\"og:type\" content=\"article\" \/>\n<meta property=\"og:title\" content=\"Curly Secret Scrunching Oil 30ml - Lokitar\" \/>\n<meta property=\"og:description\" content=\"Kerge juukse\u00f5li igale juukset\u00fc\u00fcbile. Niisutab, lisab l\u00e4iget ja v\u00f5itleb kahususe vastu ilma juukseid rasvaseks muutmata. Tulemuseks pehmed ja l\u00e4ikivad lokid.\" \/>\n<meta property=\"og:url\" content=\"https:\/\/test.lokitar.ee\/en\/product\/curly-secret-scrunching-oil-juukseoli-30ml\/\" \/>\n<meta property=\"og:site_name\" content=\"Lokitar\" \/>\n<meta property=\"article:publisher\" content=\"https:\/\/www.facebook.com\/lokitar.ee\/\" \/>\n<meta property=\"article:modified_time\" content=\"2025-10-24T19:13:01+00:00\" \/>\n<meta property=\"og:image\" content=\"https:\/\/test.lokitar.ee\/wp-content\/uploads\/2023\/08\/Untitled-design-20.png\" \/>\n\t<meta property=\"og:image:width\" content=\"1024\" \/>\n\t<meta property=\"og:image:height\" content=\"1024\" \/>\n\t<meta property=\"og:image:type\" content=\"image\/png\" \/>\n<meta name=\"twitter:label1\" content=\"Est. reading time\" \/>\n\t<meta name=\"twitter:data1\" content=\"1 minute\" \/>\n<script type=\"application\/ld+json\" class=\"yoast-schema-graph\">{\"@context\":\"https:\/\/schema.org\",\"@graph\":[{\"@type\":\"WebPage\",\"@id\":\"https:\/\/test.lokitar.ee\/en\/product\/curly-secret-scrunching-oil-juukseoli-30ml\/\",\"url\":\"https:\/\/test.lokitar.ee\/en\/product\/curly-secret-scrunching-oil-juukseoli-30ml\/\",\"name\":\"Curly Secret Scrunching Oil 30ml - Lokitar\",\"isPartOf\":{\"@id\":\"https:\/\/test.lokitar.ee\/en\/#website\"},\"primaryImageOfPage\":{\"@id\":\"https:\/\/test.lokitar.ee\/en\/product\/curly-secret-scrunching-oil-juukseoli-30ml\/#primaryimage\"},\"image\":{\"@id\":\"https:\/\/test.lokitar.ee\/en\/product\/curly-secret-scrunching-oil-juukseoli-30ml\/#primaryimage\"},\"thumbnailUrl\":\"https:\/\/test.lokitar.ee\/wp-content\/uploads\/2023\/08\/Untitled-design-20.png\",\"datePublished\":\"2023-08-07T11:06:12+00:00\",\"dateModified\":\"2025-10-24T19:13:01+00:00\",\"description\":\"Kerge juukse\u00f5li igale juukset\u00fc\u00fcbile. Niisutab, lisab l\u00e4iget ja v\u00f5itleb kahususe vastu ilma juukseid rasvaseks muutmata. Tulemuseks pehmed ja l\u00e4ikivad lokid.\",\"breadcrumb\":{\"@id\":\"https:\/\/test.lokitar.ee\/en\/product\/curly-secret-scrunching-oil-juukseoli-30ml\/#breadcrumb\"},\"inLanguage\":\"en-US\",\"potentialAction\":[{\"@type\":\"ReadAction\",\"target\":[\"https:\/\/test.lokitar.ee\/en\/product\/curly-secret-scrunching-oil-juukseoli-30ml\/\"]}]},{\"@type\":\"ImageObject\",\"inLanguage\":\"en-US\",\"@id\":\"https:\/\/test.lokitar.ee\/en\/product\/curly-secret-scrunching-oil-juukseoli-30ml\/#primaryimage\",\"url\":\"https:\/\/test.lokitar.ee\/wp-content\/uploads\/2023\/08\/Untitled-design-20.png\",\"contentUrl\":\"https:\/\/test.lokitar.ee\/wp-content\/uploads\/2023\/08\/Untitled-design-20.png\",\"width\":1024,\"height\":1024},{\"@type\":\"BreadcrumbList\",\"@id\":\"https:\/\/test.lokitar.ee\/en\/product\/curly-secret-scrunching-oil-juukseoli-30ml\/#breadcrumb\",\"itemListElement\":[{\"@type\":\"ListItem\",\"position\":1,\"name\":\"Home\",\"item\":\"https:\/\/test.lokitar.ee\/en\/\"},{\"@type\":\"ListItem\",\"position\":2,\"name\":\"Shop\",\"item\":\"https:\/\/test.lokitar.ee\/en\/shop-2\/\"},{\"@type\":\"ListItem\",\"position\":3,\"name\":\"BRANDS\",\"item\":\"https:\/\/test.lokitar.ee\/en\/product-category\/brands\/\"},{\"@type\":\"ListItem\",\"position\":4,\"name\":\"Curly Secret\",\"item\":\"https:\/\/test.lokitar.ee\/en\/product-category\/brands\/curly-secret\/\"},{\"@type\":\"ListItem\",\"position\":5,\"name\":\"Curly Secret Scrunching Oil 30ml\"}]},{\"@type\":\"WebSite\",\"@id\":\"https:\/\/test.lokitar.ee\/en\/#website\",\"url\":\"https:\/\/test.lokitar.ee\/en\/\",\"name\":\"Lokitar\",\"description\":\"Armasta enda juukseid\",\"publisher\":{\"@id\":\"https:\/\/test.lokitar.ee\/en\/#organization\"},\"potentialAction\":[{\"@type\":\"SearchAction\",\"target\":{\"@type\":\"EntryPoint\",\"urlTemplate\":\"https:\/\/test.lokitar.ee\/en\/?s={search_term_string}\"},\"query-input\":{\"@type\":\"PropertyValueSpecification\",\"valueRequired\":true,\"valueName\":\"search_term_string\"}}],\"inLanguage\":\"en-US\"},{\"@type\":\"Organization\",\"@id\":\"https:\/\/test.lokitar.ee\/en\/#organization\",\"name\":\"Lokitar\",\"url\":\"https:\/\/test.lokitar.ee\/en\/\",\"logo\":{\"@type\":\"ImageObject\",\"inLanguage\":\"en-US\",\"@id\":\"https:\/\/test.lokitar.ee\/en\/#\/schema\/logo\/image\/\",\"url\":\"https:\/\/i0.wp.com\/lokitar.ee\/wp-content\/uploads\/2021\/09\/LokitarLogo350.png?fit=350%2C159&ssl=1\",\"contentUrl\":\"https:\/\/i0.wp.com\/lokitar.ee\/wp-content\/uploads\/2021\/09\/LokitarLogo350.png?fit=350%2C159&ssl=1\",\"width\":350,\"height\":159,\"caption\":\"Lokitar\"},\"image\":{\"@id\":\"https:\/\/test.lokitar.ee\/en\/#\/schema\/logo\/image\/\"},\"sameAs\":[\"https:\/\/www.facebook.com\/lokitar.ee\/\",\"https:\/\/www.instagram.com\/lokitar.ee\/\",\"https:\/\/www.youtube.com\/channel\/UCNPGxykKCPoqFQkzd33k5MQ\"]}]}<\/script>\n<!-- \/ Yoast SEO plugin. -->","yoast_head_json":{"title":"Curly Secret Scrunching Oil 30ml - Lokitar","description":"Kerge juukse\u00f5li igale juukset\u00fc\u00fcbile. Niisutab, lisab l\u00e4iget ja v\u00f5itleb kahususe vastu ilma juukseid rasvaseks muutmata. Tulemuseks pehmed ja l\u00e4ikivad lokid.","robots":{"index":"index","follow":"follow","max-snippet":"max-snippet:-1","max-image-preview":"max-image-preview:large","max-video-preview":"max-video-preview:-1"},"canonical":"https:\/\/test.lokitar.ee\/en\/product\/curly-secret-scrunching-oil-juukseoli-30ml\/","og_locale":"en_US","og_type":"article","og_title":"Curly Secret Scrunching Oil 30ml - Lokitar","og_description":"Kerge juukse\u00f5li igale juukset\u00fc\u00fcbile. Niisutab, lisab l\u00e4iget ja v\u00f5itleb kahususe vastu ilma juukseid rasvaseks muutmata. Tulemuseks pehmed ja l\u00e4ikivad lokid.","og_url":"https:\/\/test.lokitar.ee\/en\/product\/curly-secret-scrunching-oil-juukseoli-30ml\/","og_site_name":"Lokitar","article_publisher":"https:\/\/www.facebook.com\/lokitar.ee\/","article_modified_time":"2025-10-24T19:13:01+00:00","og_image":[{"width":1024,"height":1024,"url":"https:\/\/test.lokitar.ee\/wp-content\/uploads\/2023\/08\/Untitled-design-20.png","type":"image\/png"}],"twitter_misc":{"Est. reading time":"1 minute"},"schema":{"@context":"https:\/\/schema.org","@graph":[{"@type":"WebPage","@id":"https:\/\/test.lokitar.ee\/en\/product\/curly-secret-scrunching-oil-juukseoli-30ml\/","url":"https:\/\/test.lokitar.ee\/en\/product\/curly-secret-scrunching-oil-juukseoli-30ml\/","name":"Curly Secret Scrunching Oil 30ml - Lokitar","isPartOf":{"@id":"https:\/\/test.lokitar.ee\/en\/#website"},"primaryImageOfPage":{"@id":"https:\/\/test.lokitar.ee\/en\/product\/curly-secret-scrunching-oil-juukseoli-30ml\/#primaryimage"},"image":{"@id":"https:\/\/test.lokitar.ee\/en\/product\/curly-secret-scrunching-oil-juukseoli-30ml\/#primaryimage"},"thumbnailUrl":"https:\/\/test.lokitar.ee\/wp-content\/uploads\/2023\/08\/Untitled-design-20.png","datePublished":"2023-08-07T11:06:12+00:00","dateModified":"2025-10-24T19:13:01+00:00","description":"Kerge juukse\u00f5li igale juukset\u00fc\u00fcbile. Niisutab, lisab l\u00e4iget ja v\u00f5itleb kahususe vastu ilma juukseid rasvaseks muutmata. Tulemuseks pehmed ja l\u00e4ikivad lokid.","breadcrumb":{"@id":"https:\/\/test.lokitar.ee\/en\/product\/curly-secret-scrunching-oil-juukseoli-30ml\/#breadcrumb"},"inLanguage":"en-US","potentialAction":[{"@type":"ReadAction","target":["https:\/\/test.lokitar.ee\/en\/product\/curly-secret-scrunching-oil-juukseoli-30ml\/"]}]},{"@type":"ImageObject","inLanguage":"en-US","@id":"https:\/\/test.lokitar.ee\/en\/product\/curly-secret-scrunching-oil-juukseoli-30ml\/#primaryimage","url":"https:\/\/test.lokitar.ee\/wp-content\/uploads\/2023\/08\/Untitled-design-20.png","contentUrl":"https:\/\/test.lokitar.ee\/wp-content\/uploads\/2023\/08\/Untitled-design-20.png","width":1024,"height":1024},{"@type":"BreadcrumbList","@id":"https:\/\/test.lokitar.ee\/en\/product\/curly-secret-scrunching-oil-juukseoli-30ml\/#breadcrumb","itemListElement":[{"@type":"ListItem","position":1,"name":"Home","item":"https:\/\/test.lokitar.ee\/en\/"},{"@type":"ListItem","position":2,"name":"Shop","item":"https:\/\/test.lokitar.ee\/en\/shop-2\/"},{"@type":"ListItem","position":3,"name":"BRANDS","item":"https:\/\/test.lokitar.ee\/en\/product-category\/brands\/"},{"@type":"ListItem","position":4,"name":"Curly Secret","item":"https:\/\/test.lokitar.ee\/en\/product-category\/brands\/curly-secret\/"},{"@type":"ListItem","position":5,"name":"Curly Secret Scrunching Oil 30ml"}]},{"@type":"WebSite","@id":"https:\/\/test.lokitar.ee\/en\/#website","url":"https:\/\/test.lokitar.ee\/en\/","name":"Lokitar","description":"Armasta enda juukseid","publisher":{"@id":"https:\/\/test.lokitar.ee\/en\/#organization"},"potentialAction":[{"@type":"SearchAction","target":{"@type":"EntryPoint","urlTemplate":"https:\/\/test.lokitar.ee\/en\/?s={search_term_string}"},"query-input":{"@type":"PropertyValueSpecification","valueRequired":true,"valueName":"search_term_string"}}],"inLanguage":"en-US"},{"@type":"Organization","@id":"https:\/\/test.lokitar.ee\/en\/#organization","name":"Lokitar","url":"https:\/\/test.lokitar.ee\/en\/","logo":{"@type":"ImageObject","inLanguage":"en-US","@id":"https:\/\/test.lokitar.ee\/en\/#\/schema\/logo\/image\/","url":"https:\/\/i0.wp.com\/lokitar.ee\/wp-content\/uploads\/2021\/09\/LokitarLogo350.png?fit=350%2C159&ssl=1","contentUrl":"https:\/\/i0.wp.com\/lokitar.ee\/wp-content\/uploads\/2021\/09\/LokitarLogo350.png?fit=350%2C159&ssl=1","width":350,"height":159,"caption":"Lokitar"},"image":{"@id":"https:\/\/test.lokitar.ee\/en\/#\/schema\/logo\/image\/"},"sameAs":["https:\/\/www.facebook.com\/lokitar.ee\/","https:\/\/www.instagram.com\/lokitar.ee\/","https:\/\/www.youtube.com\/channel\/UCNPGxykKCPoqFQkzd33k5MQ"]}]}},"_links":{"self":[{"href":"https:\/\/test.lokitar.ee\/en\/wp-json\/wp\/v2\/product\/16767","targetHints":{"allow":["GET"]}}],"collection":[{"href":"https:\/\/test.lokitar.ee\/en\/wp-json\/wp\/v2\/product"}],"about":[{"href":"https:\/\/test.lokitar.ee\/en\/wp-json\/wp\/v2\/types\/product"}],"author":[{"embeddable":true,"href":"https:\/\/test.lokitar.ee\/en\/wp-json\/wp\/v2\/users\/793"}],"replies":[{"embeddable":true,"href":"https:\/\/test.lokitar.ee\/en\/wp-json\/wp\/v2\/comments?post=16767"}],"wp:featuredmedia":[{"embeddable":true,"href":"https:\/\/test.lokitar.ee\/en\/wp-json\/wp\/v2\/media\/25010"}],"wp:attachment":[{"href":"https:\/\/test.lokitar.ee\/en\/wp-json\/wp\/v2\/media?parent=16767"}],"wp:term":[{"taxonomy":"product_brand","embeddable":true,"href":"https:\/\/test.lokitar.ee\/en\/wp-json\/wp\/v2\/product_brand?post=16767"},{"taxonomy":"product_cat","embeddable":true,"href":"https:\/\/test.lokitar.ee\/en\/wp-json\/wp\/v2\/product_cat?post=16767"},{"taxonomy":"product_tag","embeddable":true,"href":"https:\/\/test.lokitar.ee\/en\/wp-json\/wp\/v2\/product_tag?post=16767"}],"curies":[{"name":"wp","href":"https:\/\/api.w.org\/{rel}","templated":true}]}}