{"id":16727,"date":"2023-08-08T12:24:28","date_gmt":"2023-08-08T09:24:28","guid":{"rendered":"https:\/\/lokitar.ee\/toode\/curly-secret-hydrating-styling-jelly-niisutav-viimistlusgeel-300ml\/"},"modified":"2025-10-30T20:14:39","modified_gmt":"2025-10-30T18:14:39","slug":"curly-secret-hydrating-styling-jelly-niisutav-viimistlusgeel-300ml","status":"publish","type":"product","link":"https:\/\/test.lokitar.ee\/ru\/product\/curly-secret-hydrating-styling-jelly-niisutav-viimistlusgeel-300ml\/","title":{"rendered":"Curly Secret Hydrating Styling Jelly niisutav viimistlusgeel 300ml"},"content":{"rendered":"<p>Tugeva hoidvusega niisutav viimistlusgeel k\u00f5ikidele juukse- ja lokit\u00fc\u00fcpidele<\/p>\n<p>See niisutav viimistlusgeel sobib k\u00f5ikidele, kes soovivad tugevat hoiduvust ja selgelt defineeritud lokke. Eriliselt h\u00e4sti aga kuivadele ja k\u00f5rge poorsusega juustele, aidates kaitsta neid murdumise eest<\/p>\n<p>Geeli tarretise taoline konsistents aitab s\u00e4ilitada juustes niiskust, samal ajal t\u00f5husalt lokke defineerides. See tagab, et lokid p\u00fcsivad kauem kaunina. Geel ei sisalda proteiine.<\/p>\n<p>Peamised omadused:<br \/>\n\u2022 Tugev hoidvus ja defineeritud lokid<br \/>\n\u2022 Proteiinivaba toekam konsistents<br \/>\n\u2022 Niisutab t\u00f5husalt: s\u00f5ltuvalt juukset\u00fc\u00fcbist v\u00f5ib kasutada ka ilma leave-in&#8217;ita<br \/>\n\u2022 Sobib laineliste, lokkis ja kr\u00e4ssus juuste jaoks<br \/>\n\u2022 Eriti sobilik paksudele, karedatele ja k\u00f5rge poorsusega juustele<br \/>\n\u2022 V\u00e4ike kogus annab optimaalseid tulemusi<br \/>\n\u2022 Vegan ja sobitub Curly Girl meetodiga<\/p>\n<p>&nbsp;<\/p>\n<p>Proovi koos <a href=\"https:\/\/test.lokitar.ee\/ru\/product\/curly-secret-curl-reviving-leave-in-250ml\/\" target=\"_blank\" rel=\"noopener\">Curly Secret Curl Reviving Leave-in juustesse j\u00e4etav palsamiga 250ml<\/a><\/p>\n","protected":false},"excerpt":{"rendered":"<p>Tugeva hoiduvusega viimistlusgeel neile, kes soovivad tugevat hoiduvust ja selgelt defineeritud lokke. Eriti hea kuivadele ja k\u00f5rge poorsusega juustele<\/p>\n","protected":false},"author":793,"featured_media":15537,"comment_status":"open","ping_status":"closed","template":"","meta":{"cybocfi_hide_featured_image":""},"product_brand":[],"product_cat":[242,404,220],"product_tag":[],"class_list":{"0":"post-16727","1":"product","2":"type-product","3":"status-publish","4":"has-post-thumbnail","6":"product_cat-242","7":"product_cat-curly-secret-ru","8":"product_cat-220","10":"first","11":"instock","12":"taxable","13":"shipping-taxable","14":"purchasable","15":"product-type-simple"},"yoast_head":"<!-- This site is optimized with the Yoast SEO plugin v26.4 - https:\/\/yoast.com\/wordpress\/plugins\/seo\/ -->\n<title>Curly Secret Hydrating Styling Jelly niisutav viimistlusgeel 300ml - Lokitar<\/title>\n<meta name=\"description\" content=\"Tugeva hoiduvusega viimistlusgeel neile, kes soovivad tugevat hoiduvust ja selgelt defineeritud lokke. Eriti hea kuivadele ja k\u00f5rge poorsusega juustele\" \/>\n<meta name=\"robots\" content=\"index, follow, max-snippet:-1, max-image-preview:large, max-video-preview:-1\" \/>\n<link rel=\"canonical\" href=\"https:\/\/test.lokitar.ee\/ru\/product\/curly-secret-hydrating-styling-jelly-niisutav-viimistlusgeel-300ml\/\" \/>\n<meta property=\"og:locale\" content=\"ru_RU\" \/>\n<meta property=\"og:type\" content=\"article\" \/>\n<meta property=\"og:title\" content=\"Curly Secret Hydrating Styling Jelly niisutav viimistlusgeel 300ml - Lokitar\" \/>\n<meta property=\"og:description\" content=\"Tugeva hoiduvusega viimistlusgeel neile, kes soovivad tugevat hoiduvust ja selgelt defineeritud lokke. Eriti hea kuivadele ja k\u00f5rge poorsusega juustele\" \/>\n<meta property=\"og:url\" content=\"https:\/\/test.lokitar.ee\/ru\/product\/curly-secret-hydrating-styling-jelly-niisutav-viimistlusgeel-300ml\/\" \/>\n<meta property=\"og:site_name\" content=\"Lokitar\" \/>\n<meta property=\"article:publisher\" content=\"https:\/\/www.facebook.com\/lokitar.ee\/\" \/>\n<meta property=\"article:modified_time\" content=\"2025-10-30T18:14:39+00:00\" \/>\n<meta property=\"og:image\" content=\"https:\/\/test.lokitar.ee\/wp-content\/uploads\/2023\/08\/Hydrating-Styling-Jelly-PNG-600x800.png\" \/>\n\t<meta property=\"og:image:width\" content=\"600\" \/>\n\t<meta property=\"og:image:height\" content=\"800\" \/>\n\t<meta property=\"og:image:type\" content=\"image\/png\" \/>\n<meta name=\"twitter:label1\" content=\"\u041f\u0440\u0438\u043c\u0435\u0440\u043d\u043e\u0435 \u0432\u0440\u0435\u043c\u044f \u0434\u043b\u044f \u0447\u0442\u0435\u043d\u0438\u044f\" \/>\n\t<meta name=\"twitter:data1\" content=\"1 \u043c\u0438\u043d\u0443\u0442\u0430\" \/>\n<script type=\"application\/ld+json\" class=\"yoast-schema-graph\">{\"@context\":\"https:\/\/schema.org\",\"@graph\":[{\"@type\":\"WebPage\",\"@id\":\"https:\/\/test.lokitar.ee\/ru\/product\/curly-secret-hydrating-styling-jelly-niisutav-viimistlusgeel-300ml\/\",\"url\":\"https:\/\/test.lokitar.ee\/ru\/product\/curly-secret-hydrating-styling-jelly-niisutav-viimistlusgeel-300ml\/\",\"name\":\"Curly Secret Hydrating Styling Jelly niisutav viimistlusgeel 300ml - Lokitar\",\"isPartOf\":{\"@id\":\"https:\/\/test.lokitar.ee\/ru\/#website\"},\"primaryImageOfPage\":{\"@id\":\"https:\/\/test.lokitar.ee\/ru\/product\/curly-secret-hydrating-styling-jelly-niisutav-viimistlusgeel-300ml\/#primaryimage\"},\"image\":{\"@id\":\"https:\/\/test.lokitar.ee\/ru\/product\/curly-secret-hydrating-styling-jelly-niisutav-viimistlusgeel-300ml\/#primaryimage\"},\"thumbnailUrl\":\"https:\/\/test.lokitar.ee\/wp-content\/uploads\/2023\/08\/Hydrating-Styling-Jelly-PNG.png\",\"datePublished\":\"2023-08-08T09:24:28+00:00\",\"dateModified\":\"2025-10-30T18:14:39+00:00\",\"description\":\"Tugeva hoiduvusega viimistlusgeel neile, kes soovivad tugevat hoiduvust ja selgelt defineeritud lokke. Eriti hea kuivadele ja k\u00f5rge poorsusega juustele\",\"breadcrumb\":{\"@id\":\"https:\/\/test.lokitar.ee\/ru\/product\/curly-secret-hydrating-styling-jelly-niisutav-viimistlusgeel-300ml\/#breadcrumb\"},\"inLanguage\":\"ru-RU\",\"potentialAction\":[{\"@type\":\"ReadAction\",\"target\":[\"https:\/\/test.lokitar.ee\/ru\/product\/curly-secret-hydrating-styling-jelly-niisutav-viimistlusgeel-300ml\/\"]}]},{\"@type\":\"ImageObject\",\"inLanguage\":\"ru-RU\",\"@id\":\"https:\/\/test.lokitar.ee\/ru\/product\/curly-secret-hydrating-styling-jelly-niisutav-viimistlusgeel-300ml\/#primaryimage\",\"url\":\"https:\/\/test.lokitar.ee\/wp-content\/uploads\/2023\/08\/Hydrating-Styling-Jelly-PNG.png\",\"contentUrl\":\"https:\/\/test.lokitar.ee\/wp-content\/uploads\/2023\/08\/Hydrating-Styling-Jelly-PNG.png\",\"width\":3000,\"height\":4000},{\"@type\":\"BreadcrumbList\",\"@id\":\"https:\/\/test.lokitar.ee\/ru\/product\/curly-secret-hydrating-styling-jelly-niisutav-viimistlusgeel-300ml\/#breadcrumb\",\"itemListElement\":[{\"@type\":\"ListItem\",\"position\":1,\"name\":\"\u0413\u043b\u0430\u0432\u043d\u0430\u044f\",\"item\":\"https:\/\/test.lokitar.ee\/ru\/\"},{\"@type\":\"ListItem\",\"position\":2,\"name\":\"\u041c\u0430\u0433\u0430\u0437\u0438\u043d\",\"item\":\"https:\/\/test.lokitar.ee\/ru\/%d0%bc%d0%b0%d0%b3%d0%b0%d0%b7%d0%b8%d0%bd\/\"},{\"@type\":\"ListItem\",\"position\":3,\"name\":\"\u0411\u0420\u0415\u041d\u0414\u042b\",\"item\":\"https:\/\/test.lokitar.ee\/ru\/tootekategooria\/%d0%b1%d1%80%d0%b5%d0%bd%d0%b4%d1%8b\/\"},{\"@type\":\"ListItem\",\"position\":4,\"name\":\"Curly Secret\",\"item\":\"https:\/\/test.lokitar.ee\/ru\/tootekategooria\/%d0%b1%d1%80%d0%b5%d0%bd%d0%b4%d1%8b\/curly-secret-ru\/\"},{\"@type\":\"ListItem\",\"position\":5,\"name\":\"Curly Secret Hydrating Styling Jelly niisutav viimistlusgeel 300ml\"}]},{\"@type\":\"WebSite\",\"@id\":\"https:\/\/test.lokitar.ee\/ru\/#website\",\"url\":\"https:\/\/test.lokitar.ee\/ru\/\",\"name\":\"Lokitar\",\"description\":\"Armasta enda juukseid\",\"publisher\":{\"@id\":\"https:\/\/test.lokitar.ee\/ru\/#organization\"},\"potentialAction\":[{\"@type\":\"SearchAction\",\"target\":{\"@type\":\"EntryPoint\",\"urlTemplate\":\"https:\/\/test.lokitar.ee\/ru\/?s={search_term_string}\"},\"query-input\":{\"@type\":\"PropertyValueSpecification\",\"valueRequired\":true,\"valueName\":\"search_term_string\"}}],\"inLanguage\":\"ru-RU\"},{\"@type\":\"Organization\",\"@id\":\"https:\/\/test.lokitar.ee\/ru\/#organization\",\"name\":\"Lokitar\",\"url\":\"https:\/\/test.lokitar.ee\/ru\/\",\"logo\":{\"@type\":\"ImageObject\",\"inLanguage\":\"ru-RU\",\"@id\":\"https:\/\/test.lokitar.ee\/ru\/#\/schema\/logo\/image\/\",\"url\":\"https:\/\/i0.wp.com\/lokitar.ee\/wp-content\/uploads\/2021\/09\/LokitarLogo350.png?fit=350%2C159&ssl=1\",\"contentUrl\":\"https:\/\/i0.wp.com\/lokitar.ee\/wp-content\/uploads\/2021\/09\/LokitarLogo350.png?fit=350%2C159&ssl=1\",\"width\":350,\"height\":159,\"caption\":\"Lokitar\"},\"image\":{\"@id\":\"https:\/\/test.lokitar.ee\/ru\/#\/schema\/logo\/image\/\"},\"sameAs\":[\"https:\/\/www.facebook.com\/lokitar.ee\/\",\"https:\/\/www.instagram.com\/lokitar.ee\/\",\"https:\/\/www.youtube.com\/channel\/UCNPGxykKCPoqFQkzd33k5MQ\"]}]}<\/script>\n<!-- \/ Yoast SEO plugin. -->","yoast_head_json":{"title":"Curly Secret Hydrating Styling Jelly niisutav viimistlusgeel 300ml - Lokitar","description":"Tugeva hoiduvusega viimistlusgeel neile, kes soovivad tugevat hoiduvust ja selgelt defineeritud lokke. Eriti hea kuivadele ja k\u00f5rge poorsusega juustele","robots":{"index":"index","follow":"follow","max-snippet":"max-snippet:-1","max-image-preview":"max-image-preview:large","max-video-preview":"max-video-preview:-1"},"canonical":"https:\/\/test.lokitar.ee\/ru\/product\/curly-secret-hydrating-styling-jelly-niisutav-viimistlusgeel-300ml\/","og_locale":"ru_RU","og_type":"article","og_title":"Curly Secret Hydrating Styling Jelly niisutav viimistlusgeel 300ml - Lokitar","og_description":"Tugeva hoiduvusega viimistlusgeel neile, kes soovivad tugevat hoiduvust ja selgelt defineeritud lokke. Eriti hea kuivadele ja k\u00f5rge poorsusega juustele","og_url":"https:\/\/test.lokitar.ee\/ru\/product\/curly-secret-hydrating-styling-jelly-niisutav-viimistlusgeel-300ml\/","og_site_name":"Lokitar","article_publisher":"https:\/\/www.facebook.com\/lokitar.ee\/","article_modified_time":"2025-10-30T18:14:39+00:00","og_image":[{"width":600,"height":800,"url":"https:\/\/test.lokitar.ee\/wp-content\/uploads\/2023\/08\/Hydrating-Styling-Jelly-PNG-600x800.png","type":"image\/png"}],"twitter_misc":{"\u041f\u0440\u0438\u043c\u0435\u0440\u043d\u043e\u0435 \u0432\u0440\u0435\u043c\u044f \u0434\u043b\u044f \u0447\u0442\u0435\u043d\u0438\u044f":"1 \u043c\u0438\u043d\u0443\u0442\u0430"},"schema":{"@context":"https:\/\/schema.org","@graph":[{"@type":"WebPage","@id":"https:\/\/test.lokitar.ee\/ru\/product\/curly-secret-hydrating-styling-jelly-niisutav-viimistlusgeel-300ml\/","url":"https:\/\/test.lokitar.ee\/ru\/product\/curly-secret-hydrating-styling-jelly-niisutav-viimistlusgeel-300ml\/","name":"Curly Secret Hydrating Styling Jelly niisutav viimistlusgeel 300ml - Lokitar","isPartOf":{"@id":"https:\/\/test.lokitar.ee\/ru\/#website"},"primaryImageOfPage":{"@id":"https:\/\/test.lokitar.ee\/ru\/product\/curly-secret-hydrating-styling-jelly-niisutav-viimistlusgeel-300ml\/#primaryimage"},"image":{"@id":"https:\/\/test.lokitar.ee\/ru\/product\/curly-secret-hydrating-styling-jelly-niisutav-viimistlusgeel-300ml\/#primaryimage"},"thumbnailUrl":"https:\/\/test.lokitar.ee\/wp-content\/uploads\/2023\/08\/Hydrating-Styling-Jelly-PNG.png","datePublished":"2023-08-08T09:24:28+00:00","dateModified":"2025-10-30T18:14:39+00:00","description":"Tugeva hoiduvusega viimistlusgeel neile, kes soovivad tugevat hoiduvust ja selgelt defineeritud lokke. Eriti hea kuivadele ja k\u00f5rge poorsusega juustele","breadcrumb":{"@id":"https:\/\/test.lokitar.ee\/ru\/product\/curly-secret-hydrating-styling-jelly-niisutav-viimistlusgeel-300ml\/#breadcrumb"},"inLanguage":"ru-RU","potentialAction":[{"@type":"ReadAction","target":["https:\/\/test.lokitar.ee\/ru\/product\/curly-secret-hydrating-styling-jelly-niisutav-viimistlusgeel-300ml\/"]}]},{"@type":"ImageObject","inLanguage":"ru-RU","@id":"https:\/\/test.lokitar.ee\/ru\/product\/curly-secret-hydrating-styling-jelly-niisutav-viimistlusgeel-300ml\/#primaryimage","url":"https:\/\/test.lokitar.ee\/wp-content\/uploads\/2023\/08\/Hydrating-Styling-Jelly-PNG.png","contentUrl":"https:\/\/test.lokitar.ee\/wp-content\/uploads\/2023\/08\/Hydrating-Styling-Jelly-PNG.png","width":3000,"height":4000},{"@type":"BreadcrumbList","@id":"https:\/\/test.lokitar.ee\/ru\/product\/curly-secret-hydrating-styling-jelly-niisutav-viimistlusgeel-300ml\/#breadcrumb","itemListElement":[{"@type":"ListItem","position":1,"name":"\u0413\u043b\u0430\u0432\u043d\u0430\u044f","item":"https:\/\/test.lokitar.ee\/ru\/"},{"@type":"ListItem","position":2,"name":"\u041c\u0430\u0433\u0430\u0437\u0438\u043d","item":"https:\/\/test.lokitar.ee\/ru\/%d0%bc%d0%b0%d0%b3%d0%b0%d0%b7%d0%b8%d0%bd\/"},{"@type":"ListItem","position":3,"name":"\u0411\u0420\u0415\u041d\u0414\u042b","item":"https:\/\/test.lokitar.ee\/ru\/tootekategooria\/%d0%b1%d1%80%d0%b5%d0%bd%d0%b4%d1%8b\/"},{"@type":"ListItem","position":4,"name":"Curly Secret","item":"https:\/\/test.lokitar.ee\/ru\/tootekategooria\/%d0%b1%d1%80%d0%b5%d0%bd%d0%b4%d1%8b\/curly-secret-ru\/"},{"@type":"ListItem","position":5,"name":"Curly Secret Hydrating Styling Jelly niisutav viimistlusgeel 300ml"}]},{"@type":"WebSite","@id":"https:\/\/test.lokitar.ee\/ru\/#website","url":"https:\/\/test.lokitar.ee\/ru\/","name":"Lokitar","description":"Armasta enda juukseid","publisher":{"@id":"https:\/\/test.lokitar.ee\/ru\/#organization"},"potentialAction":[{"@type":"SearchAction","target":{"@type":"EntryPoint","urlTemplate":"https:\/\/test.lokitar.ee\/ru\/?s={search_term_string}"},"query-input":{"@type":"PropertyValueSpecification","valueRequired":true,"valueName":"search_term_string"}}],"inLanguage":"ru-RU"},{"@type":"Organization","@id":"https:\/\/test.lokitar.ee\/ru\/#organization","name":"Lokitar","url":"https:\/\/test.lokitar.ee\/ru\/","logo":{"@type":"ImageObject","inLanguage":"ru-RU","@id":"https:\/\/test.lokitar.ee\/ru\/#\/schema\/logo\/image\/","url":"https:\/\/i0.wp.com\/lokitar.ee\/wp-content\/uploads\/2021\/09\/LokitarLogo350.png?fit=350%2C159&ssl=1","contentUrl":"https:\/\/i0.wp.com\/lokitar.ee\/wp-content\/uploads\/2021\/09\/LokitarLogo350.png?fit=350%2C159&ssl=1","width":350,"height":159,"caption":"Lokitar"},"image":{"@id":"https:\/\/test.lokitar.ee\/ru\/#\/schema\/logo\/image\/"},"sameAs":["https:\/\/www.facebook.com\/lokitar.ee\/","https:\/\/www.instagram.com\/lokitar.ee\/","https:\/\/www.youtube.com\/channel\/UCNPGxykKCPoqFQkzd33k5MQ"]}]}},"_links":{"self":[{"href":"https:\/\/test.lokitar.ee\/ru\/wp-json\/wp\/v2\/product\/16727","targetHints":{"allow":["GET"]}}],"collection":[{"href":"https:\/\/test.lokitar.ee\/ru\/wp-json\/wp\/v2\/product"}],"about":[{"href":"https:\/\/test.lokitar.ee\/ru\/wp-json\/wp\/v2\/types\/product"}],"author":[{"embeddable":true,"href":"https:\/\/test.lokitar.ee\/ru\/wp-json\/wp\/v2\/users\/793"}],"replies":[{"embeddable":true,"href":"https:\/\/test.lokitar.ee\/ru\/wp-json\/wp\/v2\/comments?post=16727"}],"wp:featuredmedia":[{"embeddable":true,"href":"https:\/\/test.lokitar.ee\/ru\/wp-json\/wp\/v2\/media\/15537"}],"wp:attachment":[{"href":"https:\/\/test.lokitar.ee\/ru\/wp-json\/wp\/v2\/media?parent=16727"}],"wp:term":[{"taxonomy":"product_brand","embeddable":true,"href":"https:\/\/test.lokitar.ee\/ru\/wp-json\/wp\/v2\/product_brand?post=16727"},{"taxonomy":"product_cat","embeddable":true,"href":"https:\/\/test.lokitar.ee\/ru\/wp-json\/wp\/v2\/product_cat?post=16727"},{"taxonomy":"product_tag","embeddable":true,"href":"https:\/\/test.lokitar.ee\/ru\/wp-json\/wp\/v2\/product_tag?post=16727"}],"curies":[{"name":"wp","href":"https:\/\/api.w.org\/{rel}","templated":true}]}}