{"id":17008,"date":"2023-10-04T18:19:22","date_gmt":"2023-10-04T15:19:22","guid":{"rendered":"https:\/\/lokitar.ee\/?post_type=product&#038;p=17008"},"modified":"2025-09-29T15:44:33","modified_gmt":"2025-09-29T12:44:33","slug":"curly-secret-curl-reviving-leave-in-250ml","status":"publish","type":"product","link":"https:\/\/test.lokitar.ee\/ru\/product\/curly-secret-curl-reviving-leave-in-250ml\/","title":{"rendered":"Curly Secret Curl Reviving Leave-in 250ml"},"content":{"rendered":"<p>\u00c4rata selle juustesse j\u00e4etava ja elustava palsamiga taas uuele elule oma tuhmid, elutud v\u00f5i kuivad juuksed ja lokikesed.<\/p>\n<p>Selle juustesse j\u00e4etava palsami v\u00f5tmekoostisosadeks on argaania\u00f5li ja h\u00fcdrol\u00fc\u00fcsitud proteiin. Proteiinimolekulid on piisavalt v\u00e4ikesed, et sobituda ideaalselt kahjustatud juuksekarva mikroskoopilistesse pragudesse.<\/p>\n<p>Need koostisosad tagavad, et see p\u00e4hej\u00e4etav palsam mitte ainult ei niisuta, vaid ka parandab, tugevdab ja m\u00e4\u00e4ratleb juukseid. Isegi ilma geeli kasutamata annab see juustele juba kerget hoidvust, samal ajal kaitstes neid toitainete ja vitamiinide kaotuse eest.<\/p>\n<h4>Peamised Eelised:<\/h4>\n<ul>\n<li><strong>Kerge koostis:<\/strong> Kerge peale kanda ja see ei muuda juukseid raskeks<\/li>\n<\/ul>\n<p>&nbsp;<\/p>\n<ul>\n<li><strong>Todab ja kaitseb:<\/strong> Argaania\u00f5li ja h\u00fcdrol\u00fc\u00fcsitud proteiin toidavad ja aitavavad parandada juukseid s\u00fcgavuti<\/li>\n<\/ul>\n<p>&nbsp;<\/p>\n<ul>\n<li><strong>M\u00e4\u00e4ratletud lokid ja kerge hoidvus:<\/strong> H\u00fcdrol\u00fc\u00fcsitud proteiin lisab juustele kerget hoidvust ja lokid s\u00e4ilitavad paremini oma loomuliku kuju<\/li>\n<\/ul>\n<p>&nbsp;<\/p>\n<ul>\n<li><strong>Silub ja parandab libisemist:<\/strong> Toodet on lihtne juustesse kanda<\/li>\n<\/ul>\n<p>&nbsp;<\/p>\n<ul>\n<li><strong>\u00d6konoomsus:<\/strong> Vaid v\u00e4ike kogus toodet on vajalik optimaalsete tulemuste saavutamiseks<\/li>\n<\/ul>\n<p>&nbsp;<\/p>\n<ul>\n<li><strong>Lokkidele Keskendunud:<\/strong> V\u00e4lja t\u00f6\u00f6tatud spetsiaalselt laineliste, lokkis ja ka tugevalt krussis juuste vjaadusi silmas pidades.<\/li>\n<\/ul>\n<p>&nbsp;<\/p>\n<p>&nbsp;<\/p>\n","protected":false},"excerpt":{"rendered":"<p>Juustesse j\u00e4etav palsam lokkis juustele, rikastatud argaania\u00f5li ja h\u00fcdrol\u00fc\u00fcsitud proteiiniga. Kerge, toitev, lokke m\u00e4\u00e4ratlev ja juukseid elustav koostis. Sobitub Curly Girl meetodiga<\/p>\n","protected":false},"author":793,"featured_media":17006,"comment_status":"open","ping_status":"closed","template":"","meta":{"cybocfi_hide_featured_image":""},"product_brand":[],"product_cat":[242,404,229],"product_tag":[],"class_list":{"0":"post-17008","1":"product","2":"type-product","3":"status-publish","4":"has-post-thumbnail","6":"product_cat-242","7":"product_cat-curly-secret-ru","8":"product_cat-229","10":"first","11":"instock","12":"taxable","13":"shipping-taxable","14":"purchasable","15":"product-type-simple"},"yoast_head":"<!-- This site is optimized with the Yoast SEO plugin v26.4 - https:\/\/yoast.com\/wordpress\/plugins\/seo\/ -->\n<title>Curly Secret Curl Reviving Leave-in 250ml - Lokitar<\/title>\n<meta name=\"description\" content=\"Juustesse j\u00e4etav palsam lokkis juustele, rikastatud argaania\u00f5li ja h\u00fcdrol\u00fc\u00fcsitud proteiiniga. Kerge, toitev, lokke m\u00e4\u00e4ratlev ja juukseid elustav koostis. Sobitub Curly Girl meetodiga\" \/>\n<meta name=\"robots\" content=\"index, follow, max-snippet:-1, max-image-preview:large, max-video-preview:-1\" \/>\n<link rel=\"canonical\" href=\"https:\/\/test.lokitar.ee\/ru\/product\/curly-secret-curl-reviving-leave-in-250ml\/\" \/>\n<meta property=\"og:locale\" content=\"ru_RU\" \/>\n<meta property=\"og:type\" content=\"article\" \/>\n<meta property=\"og:title\" content=\"Curly Secret Curl Reviving Leave-in 250ml - Lokitar\" \/>\n<meta property=\"og:description\" content=\"Juustesse j\u00e4etav palsam lokkis juustele, rikastatud argaania\u00f5li ja h\u00fcdrol\u00fc\u00fcsitud proteiiniga. Kerge, toitev, lokke m\u00e4\u00e4ratlev ja juukseid elustav koostis. Sobitub Curly Girl meetodiga\" \/>\n<meta property=\"og:url\" content=\"https:\/\/test.lokitar.ee\/ru\/product\/curly-secret-curl-reviving-leave-in-250ml\/\" \/>\n<meta property=\"og:site_name\" content=\"Lokitar\" \/>\n<meta property=\"article:publisher\" content=\"https:\/\/www.facebook.com\/lokitar.ee\/\" \/>\n<meta property=\"article:modified_time\" content=\"2025-09-29T12:44:33+00:00\" \/>\n<meta property=\"og:image\" content=\"https:\/\/test.lokitar.ee\/wp-content\/uploads\/2023\/09\/Newmockup_1_1024x1024.webp\" \/>\n\t<meta property=\"og:image:width\" content=\"768\" \/>\n\t<meta property=\"og:image:height\" content=\"1024\" \/>\n\t<meta property=\"og:image:type\" content=\"image\/webp\" \/>\n<meta name=\"twitter:label1\" content=\"\u041f\u0440\u0438\u043c\u0435\u0440\u043d\u043e\u0435 \u0432\u0440\u0435\u043c\u044f \u0434\u043b\u044f \u0447\u0442\u0435\u043d\u0438\u044f\" \/>\n\t<meta name=\"twitter:data1\" content=\"1 \u043c\u0438\u043d\u0443\u0442\u0430\" \/>\n<script type=\"application\/ld+json\" class=\"yoast-schema-graph\">{\"@context\":\"https:\/\/schema.org\",\"@graph\":[{\"@type\":\"WebPage\",\"@id\":\"https:\/\/test.lokitar.ee\/ru\/product\/curly-secret-curl-reviving-leave-in-250ml\/\",\"url\":\"https:\/\/test.lokitar.ee\/ru\/product\/curly-secret-curl-reviving-leave-in-250ml\/\",\"name\":\"Curly Secret Curl Reviving Leave-in 250ml - Lokitar\",\"isPartOf\":{\"@id\":\"https:\/\/test.lokitar.ee\/ru\/#website\"},\"primaryImageOfPage\":{\"@id\":\"https:\/\/test.lokitar.ee\/ru\/product\/curly-secret-curl-reviving-leave-in-250ml\/#primaryimage\"},\"image\":{\"@id\":\"https:\/\/test.lokitar.ee\/ru\/product\/curly-secret-curl-reviving-leave-in-250ml\/#primaryimage\"},\"thumbnailUrl\":\"https:\/\/test.lokitar.ee\/wp-content\/uploads\/2023\/09\/Newmockup_1_1024x1024.webp\",\"datePublished\":\"2023-10-04T15:19:22+00:00\",\"dateModified\":\"2025-09-29T12:44:33+00:00\",\"description\":\"Juustesse j\u00e4etav palsam lokkis juustele, rikastatud argaania\u00f5li ja h\u00fcdrol\u00fc\u00fcsitud proteiiniga. Kerge, toitev, lokke m\u00e4\u00e4ratlev ja juukseid elustav koostis. Sobitub Curly Girl meetodiga\",\"breadcrumb\":{\"@id\":\"https:\/\/test.lokitar.ee\/ru\/product\/curly-secret-curl-reviving-leave-in-250ml\/#breadcrumb\"},\"inLanguage\":\"ru-RU\",\"potentialAction\":[{\"@type\":\"ReadAction\",\"target\":[\"https:\/\/test.lokitar.ee\/ru\/product\/curly-secret-curl-reviving-leave-in-250ml\/\"]}]},{\"@type\":\"ImageObject\",\"inLanguage\":\"ru-RU\",\"@id\":\"https:\/\/test.lokitar.ee\/ru\/product\/curly-secret-curl-reviving-leave-in-250ml\/#primaryimage\",\"url\":\"https:\/\/test.lokitar.ee\/wp-content\/uploads\/2023\/09\/Newmockup_1_1024x1024.webp\",\"contentUrl\":\"https:\/\/test.lokitar.ee\/wp-content\/uploads\/2023\/09\/Newmockup_1_1024x1024.webp\",\"width\":768,\"height\":1024},{\"@type\":\"BreadcrumbList\",\"@id\":\"https:\/\/test.lokitar.ee\/ru\/product\/curly-secret-curl-reviving-leave-in-250ml\/#breadcrumb\",\"itemListElement\":[{\"@type\":\"ListItem\",\"position\":1,\"name\":\"\u0413\u043b\u0430\u0432\u043d\u0430\u044f\",\"item\":\"https:\/\/test.lokitar.ee\/ru\/\"},{\"@type\":\"ListItem\",\"position\":2,\"name\":\"\u041c\u0430\u0433\u0430\u0437\u0438\u043d\",\"item\":\"https:\/\/test.lokitar.ee\/ru\/%d0%bc%d0%b0%d0%b3%d0%b0%d0%b7%d0%b8%d0%bd\/\"},{\"@type\":\"ListItem\",\"position\":3,\"name\":\"\u0411\u0420\u0415\u041d\u0414\u042b\",\"item\":\"https:\/\/test.lokitar.ee\/ru\/tootekategooria\/%d0%b1%d1%80%d0%b5%d0%bd%d0%b4%d1%8b\/\"},{\"@type\":\"ListItem\",\"position\":4,\"name\":\"Curly Secret\",\"item\":\"https:\/\/test.lokitar.ee\/ru\/tootekategooria\/%d0%b1%d1%80%d0%b5%d0%bd%d0%b4%d1%8b\/curly-secret-ru\/\"},{\"@type\":\"ListItem\",\"position\":5,\"name\":\"Curly Secret Curl Reviving Leave-in 250ml\"}]},{\"@type\":\"WebSite\",\"@id\":\"https:\/\/test.lokitar.ee\/ru\/#website\",\"url\":\"https:\/\/test.lokitar.ee\/ru\/\",\"name\":\"Lokitar\",\"description\":\"Armasta enda juukseid\",\"publisher\":{\"@id\":\"https:\/\/test.lokitar.ee\/ru\/#organization\"},\"potentialAction\":[{\"@type\":\"SearchAction\",\"target\":{\"@type\":\"EntryPoint\",\"urlTemplate\":\"https:\/\/test.lokitar.ee\/ru\/?s={search_term_string}\"},\"query-input\":{\"@type\":\"PropertyValueSpecification\",\"valueRequired\":true,\"valueName\":\"search_term_string\"}}],\"inLanguage\":\"ru-RU\"},{\"@type\":\"Organization\",\"@id\":\"https:\/\/test.lokitar.ee\/ru\/#organization\",\"name\":\"Lokitar\",\"url\":\"https:\/\/test.lokitar.ee\/ru\/\",\"logo\":{\"@type\":\"ImageObject\",\"inLanguage\":\"ru-RU\",\"@id\":\"https:\/\/test.lokitar.ee\/ru\/#\/schema\/logo\/image\/\",\"url\":\"https:\/\/i0.wp.com\/lokitar.ee\/wp-content\/uploads\/2021\/09\/LokitarLogo350.png?fit=350%2C159&ssl=1\",\"contentUrl\":\"https:\/\/i0.wp.com\/lokitar.ee\/wp-content\/uploads\/2021\/09\/LokitarLogo350.png?fit=350%2C159&ssl=1\",\"width\":350,\"height\":159,\"caption\":\"Lokitar\"},\"image\":{\"@id\":\"https:\/\/test.lokitar.ee\/ru\/#\/schema\/logo\/image\/\"},\"sameAs\":[\"https:\/\/www.facebook.com\/lokitar.ee\/\",\"https:\/\/www.instagram.com\/lokitar.ee\/\",\"https:\/\/www.youtube.com\/channel\/UCNPGxykKCPoqFQkzd33k5MQ\"]}]}<\/script>\n<!-- \/ Yoast SEO plugin. -->","yoast_head_json":{"title":"Curly Secret Curl Reviving Leave-in 250ml - Lokitar","description":"Juustesse j\u00e4etav palsam lokkis juustele, rikastatud argaania\u00f5li ja h\u00fcdrol\u00fc\u00fcsitud proteiiniga. Kerge, toitev, lokke m\u00e4\u00e4ratlev ja juukseid elustav koostis. Sobitub Curly Girl meetodiga","robots":{"index":"index","follow":"follow","max-snippet":"max-snippet:-1","max-image-preview":"max-image-preview:large","max-video-preview":"max-video-preview:-1"},"canonical":"https:\/\/test.lokitar.ee\/ru\/product\/curly-secret-curl-reviving-leave-in-250ml\/","og_locale":"ru_RU","og_type":"article","og_title":"Curly Secret Curl Reviving Leave-in 250ml - Lokitar","og_description":"Juustesse j\u00e4etav palsam lokkis juustele, rikastatud argaania\u00f5li ja h\u00fcdrol\u00fc\u00fcsitud proteiiniga. Kerge, toitev, lokke m\u00e4\u00e4ratlev ja juukseid elustav koostis. Sobitub Curly Girl meetodiga","og_url":"https:\/\/test.lokitar.ee\/ru\/product\/curly-secret-curl-reviving-leave-in-250ml\/","og_site_name":"Lokitar","article_publisher":"https:\/\/www.facebook.com\/lokitar.ee\/","article_modified_time":"2025-09-29T12:44:33+00:00","og_image":[{"width":768,"height":1024,"url":"https:\/\/test.lokitar.ee\/wp-content\/uploads\/2023\/09\/Newmockup_1_1024x1024.webp","type":"image\/webp"}],"twitter_misc":{"\u041f\u0440\u0438\u043c\u0435\u0440\u043d\u043e\u0435 \u0432\u0440\u0435\u043c\u044f \u0434\u043b\u044f \u0447\u0442\u0435\u043d\u0438\u044f":"1 \u043c\u0438\u043d\u0443\u0442\u0430"},"schema":{"@context":"https:\/\/schema.org","@graph":[{"@type":"WebPage","@id":"https:\/\/test.lokitar.ee\/ru\/product\/curly-secret-curl-reviving-leave-in-250ml\/","url":"https:\/\/test.lokitar.ee\/ru\/product\/curly-secret-curl-reviving-leave-in-250ml\/","name":"Curly Secret Curl Reviving Leave-in 250ml - Lokitar","isPartOf":{"@id":"https:\/\/test.lokitar.ee\/ru\/#website"},"primaryImageOfPage":{"@id":"https:\/\/test.lokitar.ee\/ru\/product\/curly-secret-curl-reviving-leave-in-250ml\/#primaryimage"},"image":{"@id":"https:\/\/test.lokitar.ee\/ru\/product\/curly-secret-curl-reviving-leave-in-250ml\/#primaryimage"},"thumbnailUrl":"https:\/\/test.lokitar.ee\/wp-content\/uploads\/2023\/09\/Newmockup_1_1024x1024.webp","datePublished":"2023-10-04T15:19:22+00:00","dateModified":"2025-09-29T12:44:33+00:00","description":"Juustesse j\u00e4etav palsam lokkis juustele, rikastatud argaania\u00f5li ja h\u00fcdrol\u00fc\u00fcsitud proteiiniga. Kerge, toitev, lokke m\u00e4\u00e4ratlev ja juukseid elustav koostis. Sobitub Curly Girl meetodiga","breadcrumb":{"@id":"https:\/\/test.lokitar.ee\/ru\/product\/curly-secret-curl-reviving-leave-in-250ml\/#breadcrumb"},"inLanguage":"ru-RU","potentialAction":[{"@type":"ReadAction","target":["https:\/\/test.lokitar.ee\/ru\/product\/curly-secret-curl-reviving-leave-in-250ml\/"]}]},{"@type":"ImageObject","inLanguage":"ru-RU","@id":"https:\/\/test.lokitar.ee\/ru\/product\/curly-secret-curl-reviving-leave-in-250ml\/#primaryimage","url":"https:\/\/test.lokitar.ee\/wp-content\/uploads\/2023\/09\/Newmockup_1_1024x1024.webp","contentUrl":"https:\/\/test.lokitar.ee\/wp-content\/uploads\/2023\/09\/Newmockup_1_1024x1024.webp","width":768,"height":1024},{"@type":"BreadcrumbList","@id":"https:\/\/test.lokitar.ee\/ru\/product\/curly-secret-curl-reviving-leave-in-250ml\/#breadcrumb","itemListElement":[{"@type":"ListItem","position":1,"name":"\u0413\u043b\u0430\u0432\u043d\u0430\u044f","item":"https:\/\/test.lokitar.ee\/ru\/"},{"@type":"ListItem","position":2,"name":"\u041c\u0430\u0433\u0430\u0437\u0438\u043d","item":"https:\/\/test.lokitar.ee\/ru\/%d0%bc%d0%b0%d0%b3%d0%b0%d0%b7%d0%b8%d0%bd\/"},{"@type":"ListItem","position":3,"name":"\u0411\u0420\u0415\u041d\u0414\u042b","item":"https:\/\/test.lokitar.ee\/ru\/tootekategooria\/%d0%b1%d1%80%d0%b5%d0%bd%d0%b4%d1%8b\/"},{"@type":"ListItem","position":4,"name":"Curly Secret","item":"https:\/\/test.lokitar.ee\/ru\/tootekategooria\/%d0%b1%d1%80%d0%b5%d0%bd%d0%b4%d1%8b\/curly-secret-ru\/"},{"@type":"ListItem","position":5,"name":"Curly Secret Curl Reviving Leave-in 250ml"}]},{"@type":"WebSite","@id":"https:\/\/test.lokitar.ee\/ru\/#website","url":"https:\/\/test.lokitar.ee\/ru\/","name":"Lokitar","description":"Armasta enda juukseid","publisher":{"@id":"https:\/\/test.lokitar.ee\/ru\/#organization"},"potentialAction":[{"@type":"SearchAction","target":{"@type":"EntryPoint","urlTemplate":"https:\/\/test.lokitar.ee\/ru\/?s={search_term_string}"},"query-input":{"@type":"PropertyValueSpecification","valueRequired":true,"valueName":"search_term_string"}}],"inLanguage":"ru-RU"},{"@type":"Organization","@id":"https:\/\/test.lokitar.ee\/ru\/#organization","name":"Lokitar","url":"https:\/\/test.lokitar.ee\/ru\/","logo":{"@type":"ImageObject","inLanguage":"ru-RU","@id":"https:\/\/test.lokitar.ee\/ru\/#\/schema\/logo\/image\/","url":"https:\/\/i0.wp.com\/lokitar.ee\/wp-content\/uploads\/2021\/09\/LokitarLogo350.png?fit=350%2C159&ssl=1","contentUrl":"https:\/\/i0.wp.com\/lokitar.ee\/wp-content\/uploads\/2021\/09\/LokitarLogo350.png?fit=350%2C159&ssl=1","width":350,"height":159,"caption":"Lokitar"},"image":{"@id":"https:\/\/test.lokitar.ee\/ru\/#\/schema\/logo\/image\/"},"sameAs":["https:\/\/www.facebook.com\/lokitar.ee\/","https:\/\/www.instagram.com\/lokitar.ee\/","https:\/\/www.youtube.com\/channel\/UCNPGxykKCPoqFQkzd33k5MQ"]}]}},"_links":{"self":[{"href":"https:\/\/test.lokitar.ee\/ru\/wp-json\/wp\/v2\/product\/17008","targetHints":{"allow":["GET"]}}],"collection":[{"href":"https:\/\/test.lokitar.ee\/ru\/wp-json\/wp\/v2\/product"}],"about":[{"href":"https:\/\/test.lokitar.ee\/ru\/wp-json\/wp\/v2\/types\/product"}],"author":[{"embeddable":true,"href":"https:\/\/test.lokitar.ee\/ru\/wp-json\/wp\/v2\/users\/793"}],"replies":[{"embeddable":true,"href":"https:\/\/test.lokitar.ee\/ru\/wp-json\/wp\/v2\/comments?post=17008"}],"wp:featuredmedia":[{"embeddable":true,"href":"https:\/\/test.lokitar.ee\/ru\/wp-json\/wp\/v2\/media\/17006"}],"wp:attachment":[{"href":"https:\/\/test.lokitar.ee\/ru\/wp-json\/wp\/v2\/media?parent=17008"}],"wp:term":[{"taxonomy":"product_brand","embeddable":true,"href":"https:\/\/test.lokitar.ee\/ru\/wp-json\/wp\/v2\/product_brand?post=17008"},{"taxonomy":"product_cat","embeddable":true,"href":"https:\/\/test.lokitar.ee\/ru\/wp-json\/wp\/v2\/product_cat?post=17008"},{"taxonomy":"product_tag","embeddable":true,"href":"https:\/\/test.lokitar.ee\/ru\/wp-json\/wp\/v2\/product_tag?post=17008"}],"curies":[{"name":"wp","href":"https:\/\/api.w.org\/{rel}","templated":true}]}}